{"id":19177,"date":"2019-02-19T19:55:03","date_gmt":"2019-02-19T19:55:03","guid":{"rendered":"https:\/\/fondacarrera.com\/?page_id=19177"},"modified":"2019-02-19T19:55:03","modified_gmt":"2019-02-19T19:55:03","slug":"entorno","status":"publish","type":"page","link":"https:\/\/fondacarrera.com\/en\/entorno\/","title":{"rendered":"Entorno"},"content":{"rendered":"<p>[et_pb_section bb_built=&#8221;1&#8243; fullwidth=&#8221;on&#8221; specialty=&#8221;off&#8221; next_background_color=&#8221;#000000&#8243;][et_pb_fullwidth_slider _builder_version=&#8221;3.19.14&#8243; button_text_size__hover_enabled=&#8221;off&#8221; button_text_size__hover=&#8221;null&#8221; button_one_text_size__hover_enabled=&#8221;off&#8221; button_one_text_size__hover=&#8221;null&#8221; button_two_text_size__hover_enabled=&#8221;off&#8221; button_two_text_size__hover=&#8221;null&#8221; button_text_color__hover_enabled=&#8221;off&#8221; button_text_color__hover=&#8221;null&#8221; button_one_text_color__hover_enabled=&#8221;off&#8221; button_one_text_color__hover=&#8221;null&#8221; button_two_text_color__hover_enabled=&#8221;off&#8221; button_two_text_color__hover=&#8221;null&#8221; button_border_width__hover_enabled=&#8221;off&#8221; button_border_width__hover=&#8221;null&#8221; button_one_border_width__hover_enabled=&#8221;off&#8221; button_one_border_width__hover=&#8221;null&#8221; button_two_border_width__hover_enabled=&#8221;off&#8221; button_two_border_width__hover=&#8221;null&#8221; button_border_color__hover_enabled=&#8221;off&#8221; button_border_color__hover=&#8221;null&#8221; button_one_border_color__hover_enabled=&#8221;off&#8221; button_one_border_color__hover=&#8221;null&#8221; button_two_border_color__hover_enabled=&#8221;off&#8221; button_two_border_color__hover=&#8221;null&#8221; button_border_radius__hover_enabled=&#8221;off&#8221; button_border_radius__hover=&#8221;null&#8221; button_one_border_radius__hover_enabled=&#8221;off&#8221; button_one_border_radius__hover=&#8221;null&#8221; button_two_border_radius__hover_enabled=&#8221;off&#8221; button_two_border_radius__hover=&#8221;null&#8221; button_letter_spacing__hover_enabled=&#8221;off&#8221; button_letter_spacing__hover=&#8221;null&#8221; button_one_letter_spacing__hover_enabled=&#8221;off&#8221; button_one_letter_spacing__hover=&#8221;null&#8221; button_two_letter_spacing__hover_enabled=&#8221;off&#8221; button_two_letter_spacing__hover=&#8221;null&#8221; button_bg_color__hover_enabled=&#8221;off&#8221; button_bg_color__hover=&#8221;null&#8221; button_one_bg_color__hover_enabled=&#8221;off&#8221; button_one_bg_color__hover=&#8221;null&#8221; button_two_bg_color__hover_enabled=&#8221;off&#8221; button_two_bg_color__hover=&#8221;null&#8221;][et_pb_slide _builder_version=&#8221;3.19.14&#8243; button_link=&#8221;#&#8221; background_color=&#8221;#000000&#8243; use_background_color_gradient=&#8221;off&#8221; background_color_gradient_start=&#8221;#2b87da&#8221; background_color_gradient_end=&#8221;#29c4a9&#8243; background_color_gradient_type=&#8221;linear&#8221; background_color_gradient_direction=&#8221;180deg&#8221; background_color_gradient_direction_radial=&#8221;center&#8221; background_color_gradient_start_position=&#8221;0%&#8221; background_color_gradient_end_position=&#8221;100%&#8221; background_color_gradient_overlays_image=&#8221;off&#8221; background_image=&#8221;https:\/\/fondacarrera.com\/wp-content\/uploads\/2019\/02\/PI125612.jpg&#8221; parallax=&#8221;off&#8221; parallax_method=&#8221;on&#8221; background_size=&#8221;cover&#8221; background_position=&#8221;center&#8221; background_repeat=&#8221;no-repeat&#8221; background_blend=&#8221;normal&#8221; allow_player_pause=&#8221;off&#8221; background_video_pause_outside_viewport=&#8221;on&#8221; use_bg_overlay=&#8221;off&#8221; use_text_overlay=&#8221;off&#8221; text_border_radius=&#8221;3&#8243; alignment=&#8221;center&#8221; child_filter_hue_rotate=&#8221;0deg&#8221; child_filter_saturate=&#8221;100%&#8221; child_filter_brightness=&#8221;100%&#8221; child_filter_contrast=&#8221;100%&#8221; child_filter_invert=&#8221;0%&#8221; child_filter_sepia=&#8221;0%&#8221; child_filter_opacity=&#8221;100%&#8221; child_filter_blur=&#8221;0px&#8221; child_mix_blend_mode=&#8221;normal&#8221; background_layout=&#8221;dark&#8221; text_shadow_style=&#8221;none&#8221; header_text_shadow_style=&#8221;none&#8221; body_text_shadow_style=&#8221;none&#8221; custom_button=&#8221;off&#8221; button_bg_use_color_gradient=&#8221;off&#8221; button_bg_color_gradient_overlays_image=&#8221;off&#8221; button_use_icon=&#8221;on&#8221; button_on_hover=&#8221;on&#8221; button_text_shadow_style=&#8221;none&#8221; box_shadow_style_button=&#8221;none&#8221; heading=&#8221;Entorno&#8221; button_link_2=&#8221;#&#8221; url_new_window=&#8221;off&#8221; link_option_url_new_window=&#8221;off&#8221; text_shadow_horizontal_length=&#8221;0em&#8221; text_shadow_vertical_length=&#8221;0em&#8221; text_shadow_blur_strength=&#8221;0em&#8221; header_text_shadow_horizontal_length=&#8221;0em&#8221; header_text_shadow_vertical_length=&#8221;0em&#8221; header_text_shadow_blur_strength=&#8221;0em&#8221; body_text_shadow_horizontal_length=&#8221;0em&#8221; body_text_shadow_vertical_length=&#8221;0em&#8221; body_text_shadow_blur_strength=&#8221;0em&#8221; button_text_shadow_horizontal_length=&#8221;0em&#8221; button_text_shadow_vertical_length=&#8221;0em&#8221; button_text_shadow_blur_strength=&#8221;0em&#8221; hover_transition_duration=&#8221;300ms&#8221; hover_transition_delay=&#8221;0ms&#8221; hover_transition_speed_curve=&#8221;ease&#8221; \/][\/et_pb_fullwidth_slider][\/et_pb_section][et_pb_section bb_built=&#8221;1&#8243; prev_background_color=&#8221;#000000&#8243;][et_pb_row][et_pb_column type=&#8221;4_4&#8243;][et_pb_text _builder_version=&#8221;3.19.14&#8243;]<\/p>\n<h1 style=\"text-align: center;\">Entorno<\/h1>\n<p><strong>El municipio de Labuerda<\/strong> se sit\u00faa en las sierras exteriores del Pirineo, en el <strong>valle del Cinca<\/strong>, rodeado de un extraordinario paisaje que preside la impresionante mole de la <strong>Pe\u00f1a Monta\u00f1esa<\/strong> y los <strong>valles del Pineta<\/strong> apuntando en el horizonte.<\/p>\n<p>&nbsp;<\/p>\n<p>El municipio lo componen las poblaciones de <strong>Labuerda y San Vicente de Labuerda<\/strong>. El primero mantiene en su interior el calor y tranquilidad de los pueblos tradicionales. Su vecino, San Vicente, reposa en el monte orgulloso de poseer un <strong>templo rom\u00e1nico lombardo del siglo XI<\/strong>.<\/p>\n<p>El pueblo de Labuerda, compuesto por el <strong>barrio de San Juan y el de San Sebasti\u00e1n<\/strong>, se agrupa en torno a la plaza Mayor, a la que se accede por una calle presidida por la <strong>iglesia renacentista dedicada a San Sebasti\u00e1n<\/strong>, y que fue construida entre los siglos XVI-XVII; de ella destaca su torre octogonal. Las calles todav\u00eda conservan sus antiguos nombres: Herrer\u00eda, Arboleda, Barranco, etc. En la plaza destacan edificios que, restaurados la mayor\u00eda, mantienen diversos detalles arquitect\u00f3nicos de inter\u00e9s: <strong>Casa el Notario<\/strong>, con elementos decorativos y escudo; <strong>Casa Carrera<\/strong>, con una gran puerta de medio punto y la planta baja abovedada en piedra; <strong>Casa Lanau<\/strong>, con espectaculares balcones rematados con tallas en madera de estilo neog\u00f3tico.<\/p>\n<p><strong>Las Fiesta Mayores<\/strong> de este tranquilo pueblo se celebran el <strong>16 de agosto<\/strong>; tambi\u00e9n merece destacarse la <strong>romer\u00eda de San Visorio<\/strong>, de tradici\u00f3n medieval, que reune el 15 de mayo a franceses y aragoneses. Hablar sobre la <strong>Fiesta de San Sebasti\u00e1n<\/strong>, el 20 de enero con sus tradicionales hogeras.<\/p>\n<p>Este hermoso y apacible entorno natural goza de una privilegiada situaci\u00f3n geogr\u00e1fica, que facilita el acceso a los tres espacios protegidos m\u00e1s importantes del Pirineo: <strong>el Parque Nacional de Ordesa y Monte Perdido, el Parque de Posets-Maladeta y Parque de la Sierra y Ca\u00f1ones de Guara<\/strong>.<\/p>\n<p>&nbsp;<\/p>\n<p>Muy cerca de Labuerda, se encuentra la antes mencionada poblaci\u00f3n de <strong>San Vicente de Labuerda<\/strong>, en la que sobre un peque\u00f1o promontorio se situa la <strong>iglesia de San Vicente M\u00e1rtir<\/strong>, construida en el siglo XII, en estilo rom\u00e1nico lombardo. La puerta de entrada orientada al sur, con arco de medio punto y arquivoltas. Los capiteles esculpidos con motivos geom\u00e9tricos y vegetales, mantienen restos de su pintura original en tonos rojizos. En el interior, nos encontramos con una decoraci\u00f3n pintada del siglo XVIII con motivos de rocallas y flores, as\u00ed como una <strong>representaci\u00f3n del Cordero M\u00edstico sobre el Libro de los Siete Sellos<\/strong>. En el Altar Mayor se conserva el <strong>retablo dedicado a San Vicente<\/strong>, admirable obra g\u00f3tica de finales del siglo XV, as\u00ed como valiosas <strong>tablas g\u00f3ticas en el retablo mayor, una estatua rom\u00e1nica y tallas y pinturas barrocas del siglo XVIII<\/strong>.<\/p>\n<p>Si impresionante es la iglesia, no lo son menos sus casas de piedra situadas en terrazas bajo la iglesia rom\u00e1nica. Destaca <strong>Casa Buil<\/strong>, casa fuerte del siglo XVI, que mantiene la torre y conserva una hermosa ventana dividida en arcos de medio punto de origen medieval, as\u00ed como un <strong>peque\u00f1o oratorio, dedicado a la Asunci\u00f3n<\/strong>.<\/p>\n<p>[\/et_pb_text][\/et_pb_column][\/et_pb_row][et_pb_row][et_pb_column type=&#8221;4_4&#8243;][et_pb_text _builder_version=&#8221;3.10.2&#8243;]<\/p>\n<div class=\"pt-cv-wrapper et_smooth_scroll_disabled\"><div class=\"pt-cv-view pt-cv-grid pt-cv-colsys pt-cv-same-height pt-cv-pgregular\" id=\"pt-cv-view-ee6c8b1sev\"><div data-id=\"pt-cv-page-1\" class=\"pt-cv-page cv-npf\" data-cvc=\"2\" data-cvct=\"2\" data-cvcm=\"1\"><div class=\"col-md-6 col-sm-6 col-xs-12 pt-cv-content-item pt-cv-1-col\"  data-pid=\"0\"><div class='pt-cv-ifield'><div class=\"pt-cv-no-post\">No posts found.<\/div><\/div><\/div><\/div><\/div><\/div>\t\t\t<style type=\"text\/css\" id=\"pt-cv-inline-style-1daf4f8q2s\">#pt-cv-view-ee6c8b1sev .pt-cv-title a, #pt-cv-view-ee6c8b1sev  .panel-title { font-weight: 600 !important; }\n#pt-cv-view-ee6c8b1sev .pt-cv-carousel-caption  { background-color: rgba(51,51,51,.6) !important; }\n#pt-cv-view-ee6c8b1sev .pt-cv-specialp { background-color: #CC3333 !important }\n#pt-cv-view-ee6c8b1sev .pt-cv-specialp * { color: #fff !important; }\n#pt-cv-view-ee6c8b1sev .pt-cv-pficon  { color: #bbb !important; }\n#pt-cv-view-ee6c8b1sev .pt-cv-readmore  { color: #ffffff !important; background-color: #00aeef !important; }\n#pt-cv-view-ee6c8b1sev .pt-cv-readmore:hover  { color: #ffffff !important; background-color: #00aeef !important; }\n#pt-cv-view-ee6c8b1sev  + .pt-cv-pagination-wrapper .pt-cv-more , #pt-cv-view-ee6c8b1sev  + .pt-cv-pagination-wrapper .pagination .active a { color: #ffffff !important; background-color: #00aeef !important; }<\/style>\r\n\t\t\t\n<p>[\/et_pb_text][\/et_pb_column][\/et_pb_row][\/et_pb_section]<\/p>\n","protected":false},"excerpt":{"rendered":"<p>Entorno Entorno El municipio de Labuerda se sit\u00faa en las sierras exteriores del Pirineo, en el valle del Cinca, rodeado de un extraordinario paisaje que preside la impresionante mole de la Pe\u00f1a Monta\u00f1esa y los valles del Pineta apuntando en el horizonte. &nbsp; El municipio lo componen las poblaciones de Labuerda y San Vicente de [&hellip;]<\/p>\n","protected":false},"author":1,"featured_media":0,"parent":0,"menu_order":0,"comment_status":"closed","ping_status":"closed","template":"","meta":{"_et_pb_use_builder":"on","_et_pb_old_content":"","_et_gb_content_width":"","_monsterinsights_skip_tracking":false,"_monsterinsights_sitenote_active":false,"_monsterinsights_sitenote_note":"","_monsterinsights_sitenote_category":0,"footnotes":""},"class_list":["post-19177","page","type-page","status-publish","hentry"],"yoast_head":"<!-- This site is optimized with the Yoast SEO plugin v25.6 - https:\/\/yoast.com\/wordpress\/plugins\/seo\/ -->\n<title>Entorno - Fonda Carrera Fonda Carrera - Labuerda - Sobrarbe - Restaurante - Turismo Rural<\/title>\n<meta name=\"description\" content=\"Fonda Carrera - Labuerda - Sobrarbe - Restaurante - Turismo Rural Fonda Carrera - Alojamiento Sobrarbe - Turismo Rural Pirineos Ordesa Pirineo Labuerda Restaurante\" \/>\n<meta name=\"robots\" content=\"index, follow, max-snippet:-1, max-image-preview:large, max-video-preview:-1\" \/>\n<link rel=\"canonical\" href=\"https:\/\/fondacarrera.com\/en\/entorno\/\" \/>\n<meta property=\"og:locale\" content=\"en_US\" \/>\n<meta property=\"og:type\" content=\"article\" \/>\n<meta property=\"og:title\" content=\"Entorno - Fonda Carrera Fonda Carrera - Labuerda - Sobrarbe - Restaurante - Turismo Rural\" \/>\n<meta property=\"og:description\" content=\"Fonda Carrera - Labuerda - Sobrarbe - Restaurante - Turismo Rural Fonda Carrera - Alojamiento Sobrarbe - Turismo Rural Pirineos Ordesa Pirineo Labuerda Restaurante\" \/>\n<meta property=\"og:url\" content=\"https:\/\/fondacarrera.com\/en\/entorno\/\" \/>\n<meta property=\"og:site_name\" content=\"Fonda Carrera\" \/>\n<meta name=\"twitter:card\" content=\"summary_large_image\" \/>\n<meta name=\"twitter:label1\" content=\"Est. reading time\" \/>\n\t<meta name=\"twitter:data1\" content=\"6 minutes\" \/>\n<script type=\"application\/ld+json\" class=\"yoast-schema-graph\">{\"@context\":\"https:\/\/schema.org\",\"@graph\":[{\"@type\":\"WebPage\",\"@id\":\"https:\/\/fondacarrera.com\/en\/entorno\/\",\"url\":\"https:\/\/fondacarrera.com\/en\/entorno\/\",\"name\":\"Entorno - Fonda Carrera Fonda Carrera - Labuerda - Sobrarbe - Restaurante - Turismo Rural\",\"isPartOf\":{\"@id\":\"https:\/\/fondacarrera.com\/#website\"},\"datePublished\":\"2019-02-19T19:55:03+00:00\",\"description\":\"Fonda Carrera - Labuerda - Sobrarbe - Restaurante - Turismo Rural Fonda Carrera - Alojamiento Sobrarbe - Turismo Rural Pirineos Ordesa Pirineo Labuerda Restaurante\",\"breadcrumb\":{\"@id\":\"https:\/\/fondacarrera.com\/en\/entorno\/#breadcrumb\"},\"inLanguage\":\"en-US\",\"potentialAction\":[{\"@type\":\"ReadAction\",\"target\":[\"https:\/\/fondacarrera.com\/en\/entorno\/\"]}]},{\"@type\":\"BreadcrumbList\",\"@id\":\"https:\/\/fondacarrera.com\/en\/entorno\/#breadcrumb\",\"itemListElement\":[{\"@type\":\"ListItem\",\"position\":1,\"name\":\"Portada\",\"item\":\"https:\/\/fondacarrera.com\/en\/\"},{\"@type\":\"ListItem\",\"position\":2,\"name\":\"Entorno\"}]},{\"@type\":\"WebSite\",\"@id\":\"https:\/\/fondacarrera.com\/#website\",\"url\":\"https:\/\/fondacarrera.com\/\",\"name\":\"Fonda Carrera\",\"description\":\"Labuerda - Sobrarbe\",\"potentialAction\":[{\"@type\":\"SearchAction\",\"target\":{\"@type\":\"EntryPoint\",\"urlTemplate\":\"https:\/\/fondacarrera.com\/?s={search_term_string}\"},\"query-input\":{\"@type\":\"PropertyValueSpecification\",\"valueRequired\":true,\"valueName\":\"search_term_string\"}}],\"inLanguage\":\"en-US\"}]}<\/script>\n<!-- \/ Yoast SEO plugin. -->","yoast_head_json":{"title":"Entorno - Fonda Carrera Fonda Carrera - Labuerda - Sobrarbe - Restaurante - Turismo Rural","description":"Fonda Carrera - Labuerda - Sobrarbe - Restaurante - Turismo Rural Fonda Carrera - Alojamiento Sobrarbe - Turismo Rural Pirineos Ordesa Pirineo Labuerda Restaurante","robots":{"index":"index","follow":"follow","max-snippet":"max-snippet:-1","max-image-preview":"max-image-preview:large","max-video-preview":"max-video-preview:-1"},"canonical":"https:\/\/fondacarrera.com\/en\/entorno\/","og_locale":"en_US","og_type":"article","og_title":"Entorno - Fonda Carrera Fonda Carrera - Labuerda - Sobrarbe - Restaurante - Turismo Rural","og_description":"Fonda Carrera - Labuerda - Sobrarbe - Restaurante - Turismo Rural Fonda Carrera - Alojamiento Sobrarbe - Turismo Rural Pirineos Ordesa Pirineo Labuerda Restaurante","og_url":"https:\/\/fondacarrera.com\/en\/entorno\/","og_site_name":"Fonda Carrera","twitter_card":"summary_large_image","twitter_misc":{"Est. reading time":"6 minutes"},"schema":{"@context":"https:\/\/schema.org","@graph":[{"@type":"WebPage","@id":"https:\/\/fondacarrera.com\/en\/entorno\/","url":"https:\/\/fondacarrera.com\/en\/entorno\/","name":"Entorno - Fonda Carrera Fonda Carrera - Labuerda - Sobrarbe - Restaurante - Turismo Rural","isPartOf":{"@id":"https:\/\/fondacarrera.com\/#website"},"datePublished":"2019-02-19T19:55:03+00:00","description":"Fonda Carrera - Labuerda - Sobrarbe - Restaurante - Turismo Rural Fonda Carrera - Alojamiento Sobrarbe - Turismo Rural Pirineos Ordesa Pirineo Labuerda Restaurante","breadcrumb":{"@id":"https:\/\/fondacarrera.com\/en\/entorno\/#breadcrumb"},"inLanguage":"en-US","potentialAction":[{"@type":"ReadAction","target":["https:\/\/fondacarrera.com\/en\/entorno\/"]}]},{"@type":"BreadcrumbList","@id":"https:\/\/fondacarrera.com\/en\/entorno\/#breadcrumb","itemListElement":[{"@type":"ListItem","position":1,"name":"Portada","item":"https:\/\/fondacarrera.com\/en\/"},{"@type":"ListItem","position":2,"name":"Entorno"}]},{"@type":"WebSite","@id":"https:\/\/fondacarrera.com\/#website","url":"https:\/\/fondacarrera.com\/","name":"Fonda Carrera","description":"Labuerda - Sobrarbe","potentialAction":[{"@type":"SearchAction","target":{"@type":"EntryPoint","urlTemplate":"https:\/\/fondacarrera.com\/?s={search_term_string}"},"query-input":{"@type":"PropertyValueSpecification","valueRequired":true,"valueName":"search_term_string"}}],"inLanguage":"en-US"}]}},"featured_image_src":null,"featured_image_src_square":null,"_links":{"self":[{"href":"https:\/\/fondacarrera.com\/en\/wp-json\/wp\/v2\/pages\/19177"}],"collection":[{"href":"https:\/\/fondacarrera.com\/en\/wp-json\/wp\/v2\/pages"}],"about":[{"href":"https:\/\/fondacarrera.com\/en\/wp-json\/wp\/v2\/types\/page"}],"author":[{"embeddable":true,"href":"https:\/\/fondacarrera.com\/en\/wp-json\/wp\/v2\/users\/1"}],"replies":[{"embeddable":true,"href":"https:\/\/fondacarrera.com\/en\/wp-json\/wp\/v2\/comments?post=19177"}],"version-history":[{"count":2,"href":"https:\/\/fondacarrera.com\/en\/wp-json\/wp\/v2\/pages\/19177\/revisions"}],"predecessor-version":[{"id":19179,"href":"https:\/\/fondacarrera.com\/en\/wp-json\/wp\/v2\/pages\/19177\/revisions\/19179"}],"wp:attachment":[{"href":"https:\/\/fondacarrera.com\/en\/wp-json\/wp\/v2\/media?parent=19177"}],"curies":[{"name":"wp","href":"https:\/\/api.w.org\/{rel}","templated":true}]}}