{"id":19174,"date":"2019-02-19T19:54:03","date_gmt":"2019-02-19T19:54:03","guid":{"rendered":"https:\/\/fondacarrera.com\/?page_id=19174"},"modified":"2019-02-19T19:54:03","modified_gmt":"2019-02-19T19:54:03","slug":"situacion","status":"publish","type":"page","link":"https:\/\/fondacarrera.com\/en\/situacion\/","title":{"rendered":"Situaci\u00f3n"},"content":{"rendered":"<p>[et_pb_section bb_built=&#8221;1&#8243; fullwidth=&#8221;on&#8221; specialty=&#8221;off&#8221; next_background_color=&#8221;#000000&#8243;][et_pb_fullwidth_slider _builder_version=&#8221;3.19.14&#8243; button_text_size__hover_enabled=&#8221;off&#8221; button_text_size__hover=&#8221;null&#8221; button_one_text_size__hover_enabled=&#8221;off&#8221; button_one_text_size__hover=&#8221;null&#8221; button_two_text_size__hover_enabled=&#8221;off&#8221; button_two_text_size__hover=&#8221;null&#8221; button_text_color__hover_enabled=&#8221;off&#8221; button_text_color__hover=&#8221;null&#8221; button_one_text_color__hover_enabled=&#8221;off&#8221; button_one_text_color__hover=&#8221;null&#8221; button_two_text_color__hover_enabled=&#8221;off&#8221; button_two_text_color__hover=&#8221;null&#8221; button_border_width__hover_enabled=&#8221;off&#8221; button_border_width__hover=&#8221;null&#8221; button_one_border_width__hover_enabled=&#8221;off&#8221; button_one_border_width__hover=&#8221;null&#8221; button_two_border_width__hover_enabled=&#8221;off&#8221; button_two_border_width__hover=&#8221;null&#8221; button_border_color__hover_enabled=&#8221;off&#8221; button_border_color__hover=&#8221;null&#8221; button_one_border_color__hover_enabled=&#8221;off&#8221; button_one_border_color__hover=&#8221;null&#8221; button_two_border_color__hover_enabled=&#8221;off&#8221; button_two_border_color__hover=&#8221;null&#8221; button_border_radius__hover_enabled=&#8221;off&#8221; button_border_radius__hover=&#8221;null&#8221; button_one_border_radius__hover_enabled=&#8221;off&#8221; button_one_border_radius__hover=&#8221;null&#8221; button_two_border_radius__hover_enabled=&#8221;off&#8221; button_two_border_radius__hover=&#8221;null&#8221; button_letter_spacing__hover_enabled=&#8221;off&#8221; button_letter_spacing__hover=&#8221;null&#8221; button_one_letter_spacing__hover_enabled=&#8221;off&#8221; button_one_letter_spacing__hover=&#8221;null&#8221; button_two_letter_spacing__hover_enabled=&#8221;off&#8221; button_two_letter_spacing__hover=&#8221;null&#8221; button_bg_color__hover_enabled=&#8221;off&#8221; button_bg_color__hover=&#8221;null&#8221; button_one_bg_color__hover_enabled=&#8221;off&#8221; button_one_bg_color__hover=&#8221;null&#8221; button_two_bg_color__hover_enabled=&#8221;off&#8221; button_two_bg_color__hover=&#8221;null&#8221;][et_pb_slide _builder_version=&#8221;3.19.14&#8243; button_link=&#8221;#&#8221; background_color=&#8221;#000000&#8243; use_background_color_gradient=&#8221;off&#8221; background_color_gradient_start=&#8221;#2b87da&#8221; background_color_gradient_end=&#8221;#29c4a9&#8243; background_color_gradient_type=&#8221;linear&#8221; background_color_gradient_direction=&#8221;180deg&#8221; background_color_gradient_direction_radial=&#8221;center&#8221; background_color_gradient_start_position=&#8221;0%&#8221; background_color_gradient_end_position=&#8221;100%&#8221; background_color_gradient_overlays_image=&#8221;off&#8221; background_image=&#8221;https:\/\/fondacarrera.com\/wp-content\/uploads\/2019\/02\/PI055463.jpg&#8221; parallax=&#8221;off&#8221; parallax_method=&#8221;on&#8221; background_size=&#8221;cover&#8221; background_position=&#8221;center&#8221; background_repeat=&#8221;no-repeat&#8221; background_blend=&#8221;normal&#8221; allow_player_pause=&#8221;off&#8221; background_video_pause_outside_viewport=&#8221;on&#8221; use_bg_overlay=&#8221;off&#8221; use_text_overlay=&#8221;off&#8221; text_border_radius=&#8221;3&#8243; alignment=&#8221;center&#8221; child_filter_hue_rotate=&#8221;0deg&#8221; child_filter_saturate=&#8221;100%&#8221; child_filter_brightness=&#8221;100%&#8221; child_filter_contrast=&#8221;100%&#8221; child_filter_invert=&#8221;0%&#8221; child_filter_sepia=&#8221;0%&#8221; child_filter_opacity=&#8221;100%&#8221; child_filter_blur=&#8221;0px&#8221; child_mix_blend_mode=&#8221;normal&#8221; background_layout=&#8221;dark&#8221; text_shadow_style=&#8221;none&#8221; header_text_shadow_style=&#8221;none&#8221; body_text_shadow_style=&#8221;none&#8221; custom_button=&#8221;off&#8221; button_bg_use_color_gradient=&#8221;off&#8221; button_bg_color_gradient_overlays_image=&#8221;off&#8221; button_use_icon=&#8221;on&#8221; button_on_hover=&#8221;on&#8221; button_text_shadow_style=&#8221;none&#8221; box_shadow_style_button=&#8221;none&#8221; button_link_2=&#8221;#&#8221; url_new_window=&#8221;off&#8221; link_option_url_new_window=&#8221;off&#8221; text_shadow_horizontal_length=&#8221;0em&#8221; text_shadow_vertical_length=&#8221;0em&#8221; text_shadow_blur_strength=&#8221;0em&#8221; header_text_shadow_horizontal_length=&#8221;0em&#8221; header_text_shadow_vertical_length=&#8221;0em&#8221; header_text_shadow_blur_strength=&#8221;0em&#8221; body_text_shadow_horizontal_length=&#8221;0em&#8221; body_text_shadow_vertical_length=&#8221;0em&#8221; body_text_shadow_blur_strength=&#8221;0em&#8221; button_text_shadow_horizontal_length=&#8221;0em&#8221; button_text_shadow_vertical_length=&#8221;0em&#8221; button_text_shadow_blur_strength=&#8221;0em&#8221; hover_transition_duration=&#8221;300ms&#8221; hover_transition_delay=&#8221;0ms&#8221; hover_transition_speed_curve=&#8221;ease&#8221; \/][\/et_pb_fullwidth_slider][\/et_pb_section][et_pb_section bb_built=&#8221;1&#8243; prev_background_color=&#8221;#000000&#8243;][et_pb_row][et_pb_column type=&#8221;1_2&#8243;][et_pb_text _builder_version=&#8221;3.19.14&#8243;]<\/p>\n<p><iframe loading=\"lazy\" style=\"border: 0;\" src=\"https:\/\/www.google.com\/maps\/embed?pb=!1m18!1m12!1m3!1d2943.955558242233!2d0.13301361479750579!3d42.449961679180944!2m3!1f0!2f0!3f0!3m2!1i1024!2i768!4f13.1!3m3!1m2!1s0x12a7fb3ed6b5cd27%3A0x95f442a8fddb5f15!2sFonda+Carrera+S+C!5e0!3m2!1ses!2ses!4v1550160779279\" width=\"600\" height=\"450\" frameborder=\"0\" allowfullscreen=\"allowfullscreen\" data-mce-fragment=\"1\"><\/iframe><\/p>\n<p>[\/et_pb_text][\/et_pb_column][et_pb_column type=&#8221;1_2&#8243;][et_pb_text admin_label=&#8221;como llegar&#8221; _builder_version=&#8221;3.10.2&#8243;]<\/p>\n<h2>C\u00f3mo llegar<\/h2>\n<h3>Desde Barcelona (284 km)<\/h3>\n<p>Tomar la AP-2\/A-2 (N-II)\/ E-90 direcci\u00f3n L\u00e9rida, salida 6. En L\u00e9rida tomar la N-240 direcci\u00f3n Huesca hasta P.Km. n\u00ba 158, y cerca de Barbastro, tomar la N-123 direcci\u00f3n Benabarre, hasta P.Km. n\u00ba 8, tomar a la derecha la A-138 direcci\u00f3n Francia. Seguir por A-138, pasar El Grado y la localidad de A\u00ednsa, poco despues llegaremos a Labuerda.<\/p>\n<h3>Desde Madrid (489 km.)<\/h3>\n<p>Tomar la N-II\/E-90 direcci\u00f3n Zaragoza; desde all\u00ed, tomar la N-330\/E-7 direcci\u00f3n Huesca. En Huesca tomar la N-240 hasta el P.Km. 158, Barbastro. En Barbastro tomar a la izquierda la N-123 direcci\u00f3n Benabarre hasta el P.Km. n\u00ba 8. Tomar a la derecha la A-138 direcci\u00f3n Francia. Seguir por A-138, pasar El Grado y la localidad de A\u00ednsa, poco despues llegaremos a Labuerda.<\/p>\n<h3>Desde Pamplona (186 km.)<\/h3>\n<p>Tomar la N-240 direcci\u00f3n Jaca. En Jaca tomar la N-330 direcci\u00f3n Huesca-Sabi\u00f1\u00e1nigo. En Sabi\u00f1\u00e1nigo tomar la N-260 direcci\u00f3n Biescas. En Biescas seguir por la N-260 direcci\u00f3n A\u00ednsa. En A\u00ednsa girar a la izquierda por la A-138 direcci\u00f3n Francia y a 4 km. se encuentra Labuerda.<\/p>\n<h3>Desde Valencia (488 km.)<\/h3>\n<p>Tomar V-30 direcci\u00f3n Paterna. Tomar a la derecha CV-31 direcci\u00f3n Valencia. Tomar CV-35 direcci\u00f3n Valencia\/Adamuz. Tomar salida 7 direcci\u00f3n Barcelona. Tomar A-7\/E-15 Autopista del Meditrerraneo\/E-15. Tomar salida 38 hacia Hospitalet del Infant. Tomar a la derecha C-44. Tomar a la derecha C-12. Continuar por A-242. Tomar A-2 y seguir hasta salida 458 direcci\u00f3n Lleida. En Lleida tomar a la derecha la N-240, y cerca de Barbastro, tomar la N-123 direcci\u00f3n Benabarre, hasta P.Km. n\u00ba 8, tomar a la derecha la A-138 direcci\u00f3n Francia. Seguir por A-138, pasar El Grado y la localidad de A\u00ednsa, poco despues llegaremos a Labuerda.<\/p>\n<h3>Desde Toulouse (Francia ) (207 km)<\/h3>\n<p>Tomar N-88 direcci\u00f3n Auch. Continuar por A62 y salir direcci\u00f3n Auch\/Tarbes\/Lourdes. Tomar A629\/E9 y salir en salida 25 direcci\u00f3n Foix\/ Tarbes\/Lourdes. Tomar A64\/E80 direcci\u00f3n Saint Gaudens. Tomar E80 y cerca de Lannemezan tomar la salida 16 direcci\u00f3n Lanemezan\/Arreau\/Auch. Continuar por E80 y seguir direcci\u00f3n Barthe de Neste\/Arreau\/Auch\/H\u00f4pitaux. Continuar por D939 y cerca de La Barthe de Neste tomar a la derecha D929 hasta Fabian. Tomar a la izquierda D118 y continuar por D173 hasta entrar en territorio espa\u00f1ol. Continuar por A-138 direcci\u00f3n A\u00ednsa, hasta llegar a Labuerda.<\/p>\n<p>[\/et_pb_text][\/et_pb_column][\/et_pb_row][\/et_pb_section]<\/p>\n","protected":false},"excerpt":{"rendered":"<p>C\u00f3mo llegar Desde Barcelona (284 km) Tomar la AP-2\/A-2 (N-II)\/ E-90 direcci\u00f3n L\u00e9rida, salida 6. En L\u00e9rida tomar la N-240 direcci\u00f3n Huesca hasta P.Km. n\u00ba 158, y cerca de Barbastro, tomar la N-123 direcci\u00f3n Benabarre, hasta P.Km. n\u00ba 8, tomar a la derecha la A-138 direcci\u00f3n Francia. Seguir por A-138, pasar El Grado y la [&hellip;]<\/p>\n","protected":false},"author":1,"featured_media":0,"parent":0,"menu_order":0,"comment_status":"closed","ping_status":"closed","template":"","meta":{"_et_pb_use_builder":"on","_et_pb_old_content":"","_et_gb_content_width":"","_monsterinsights_skip_tracking":false,"_monsterinsights_sitenote_active":false,"_monsterinsights_sitenote_note":"","_monsterinsights_sitenote_category":0,"footnotes":""},"class_list":["post-19174","page","type-page","status-publish","hentry"],"yoast_head":"<!-- This site is optimized with the Yoast SEO plugin v25.6 - https:\/\/yoast.com\/wordpress\/plugins\/seo\/ -->\n<title>Situaci\u00f3n - Fonda Carrera Fonda Carrera - Labuerda - Sobrarbe - Restaurante - Turismo Rural<\/title>\n<meta name=\"description\" content=\"Fonda Carrera - Labuerda - Sobrarbe - Restaurante - Turismo Rural Fonda Carrera - Alojamiento Sobrarbe - Turismo Rural Pirineos Ordesa Pirineo Labuerda Restaurante\" \/>\n<meta name=\"robots\" content=\"index, follow, max-snippet:-1, max-image-preview:large, max-video-preview:-1\" \/>\n<link rel=\"canonical\" href=\"https:\/\/fondacarrera.com\/en\/situacion\/\" \/>\n<meta property=\"og:locale\" content=\"en_US\" \/>\n<meta property=\"og:type\" content=\"article\" \/>\n<meta property=\"og:title\" content=\"Situaci\u00f3n - Fonda Carrera Fonda Carrera - Labuerda - Sobrarbe - Restaurante - Turismo Rural\" \/>\n<meta property=\"og:description\" content=\"Fonda Carrera - Labuerda - Sobrarbe - Restaurante - Turismo Rural Fonda Carrera - Alojamiento Sobrarbe - Turismo Rural Pirineos Ordesa Pirineo Labuerda Restaurante\" \/>\n<meta property=\"og:url\" content=\"https:\/\/fondacarrera.com\/en\/situacion\/\" \/>\n<meta property=\"og:site_name\" content=\"Fonda Carrera\" \/>\n<meta name=\"twitter:card\" content=\"summary_large_image\" \/>\n<meta name=\"twitter:label1\" content=\"Est. reading time\" \/>\n\t<meta name=\"twitter:data1\" content=\"5 minutes\" \/>\n<script type=\"application\/ld+json\" class=\"yoast-schema-graph\">{\"@context\":\"https:\/\/schema.org\",\"@graph\":[{\"@type\":\"WebPage\",\"@id\":\"https:\/\/fondacarrera.com\/en\/situacion\/\",\"url\":\"https:\/\/fondacarrera.com\/en\/situacion\/\",\"name\":\"Situaci\u00f3n - Fonda Carrera Fonda Carrera - Labuerda - Sobrarbe - Restaurante - Turismo Rural\",\"isPartOf\":{\"@id\":\"https:\/\/fondacarrera.com\/#website\"},\"datePublished\":\"2019-02-19T19:54:03+00:00\",\"description\":\"Fonda Carrera - Labuerda - Sobrarbe - Restaurante - Turismo Rural Fonda Carrera - Alojamiento Sobrarbe - Turismo Rural Pirineos Ordesa Pirineo Labuerda Restaurante\",\"breadcrumb\":{\"@id\":\"https:\/\/fondacarrera.com\/en\/situacion\/#breadcrumb\"},\"inLanguage\":\"en-US\",\"potentialAction\":[{\"@type\":\"ReadAction\",\"target\":[\"https:\/\/fondacarrera.com\/en\/situacion\/\"]}]},{\"@type\":\"BreadcrumbList\",\"@id\":\"https:\/\/fondacarrera.com\/en\/situacion\/#breadcrumb\",\"itemListElement\":[{\"@type\":\"ListItem\",\"position\":1,\"name\":\"Portada\",\"item\":\"https:\/\/fondacarrera.com\/en\/\"},{\"@type\":\"ListItem\",\"position\":2,\"name\":\"Situaci\u00f3n\"}]},{\"@type\":\"WebSite\",\"@id\":\"https:\/\/fondacarrera.com\/#website\",\"url\":\"https:\/\/fondacarrera.com\/\",\"name\":\"Fonda Carrera\",\"description\":\"Labuerda - Sobrarbe\",\"potentialAction\":[{\"@type\":\"SearchAction\",\"target\":{\"@type\":\"EntryPoint\",\"urlTemplate\":\"https:\/\/fondacarrera.com\/?s={search_term_string}\"},\"query-input\":{\"@type\":\"PropertyValueSpecification\",\"valueRequired\":true,\"valueName\":\"search_term_string\"}}],\"inLanguage\":\"en-US\"}]}<\/script>\n<!-- \/ Yoast SEO plugin. -->","yoast_head_json":{"title":"Situaci\u00f3n - Fonda Carrera Fonda Carrera - Labuerda - Sobrarbe - Restaurante - Turismo Rural","description":"Fonda Carrera - Labuerda - Sobrarbe - Restaurante - Turismo Rural Fonda Carrera - Alojamiento Sobrarbe - Turismo Rural Pirineos Ordesa Pirineo Labuerda Restaurante","robots":{"index":"index","follow":"follow","max-snippet":"max-snippet:-1","max-image-preview":"max-image-preview:large","max-video-preview":"max-video-preview:-1"},"canonical":"https:\/\/fondacarrera.com\/en\/situacion\/","og_locale":"en_US","og_type":"article","og_title":"Situaci\u00f3n - Fonda Carrera Fonda Carrera - Labuerda - Sobrarbe - Restaurante - Turismo Rural","og_description":"Fonda Carrera - Labuerda - Sobrarbe - Restaurante - Turismo Rural Fonda Carrera - Alojamiento Sobrarbe - Turismo Rural Pirineos Ordesa Pirineo Labuerda Restaurante","og_url":"https:\/\/fondacarrera.com\/en\/situacion\/","og_site_name":"Fonda Carrera","twitter_card":"summary_large_image","twitter_misc":{"Est. reading time":"5 minutes"},"schema":{"@context":"https:\/\/schema.org","@graph":[{"@type":"WebPage","@id":"https:\/\/fondacarrera.com\/en\/situacion\/","url":"https:\/\/fondacarrera.com\/en\/situacion\/","name":"Situaci\u00f3n - Fonda Carrera Fonda Carrera - Labuerda - Sobrarbe - Restaurante - Turismo Rural","isPartOf":{"@id":"https:\/\/fondacarrera.com\/#website"},"datePublished":"2019-02-19T19:54:03+00:00","description":"Fonda Carrera - Labuerda - Sobrarbe - Restaurante - Turismo Rural Fonda Carrera - Alojamiento Sobrarbe - Turismo Rural Pirineos Ordesa Pirineo Labuerda Restaurante","breadcrumb":{"@id":"https:\/\/fondacarrera.com\/en\/situacion\/#breadcrumb"},"inLanguage":"en-US","potentialAction":[{"@type":"ReadAction","target":["https:\/\/fondacarrera.com\/en\/situacion\/"]}]},{"@type":"BreadcrumbList","@id":"https:\/\/fondacarrera.com\/en\/situacion\/#breadcrumb","itemListElement":[{"@type":"ListItem","position":1,"name":"Portada","item":"https:\/\/fondacarrera.com\/en\/"},{"@type":"ListItem","position":2,"name":"Situaci\u00f3n"}]},{"@type":"WebSite","@id":"https:\/\/fondacarrera.com\/#website","url":"https:\/\/fondacarrera.com\/","name":"Fonda Carrera","description":"Labuerda - Sobrarbe","potentialAction":[{"@type":"SearchAction","target":{"@type":"EntryPoint","urlTemplate":"https:\/\/fondacarrera.com\/?s={search_term_string}"},"query-input":{"@type":"PropertyValueSpecification","valueRequired":true,"valueName":"search_term_string"}}],"inLanguage":"en-US"}]}},"featured_image_src":null,"featured_image_src_square":null,"_links":{"self":[{"href":"https:\/\/fondacarrera.com\/en\/wp-json\/wp\/v2\/pages\/19174"}],"collection":[{"href":"https:\/\/fondacarrera.com\/en\/wp-json\/wp\/v2\/pages"}],"about":[{"href":"https:\/\/fondacarrera.com\/en\/wp-json\/wp\/v2\/types\/page"}],"author":[{"embeddable":true,"href":"https:\/\/fondacarrera.com\/en\/wp-json\/wp\/v2\/users\/1"}],"replies":[{"embeddable":true,"href":"https:\/\/fondacarrera.com\/en\/wp-json\/wp\/v2\/comments?post=19174"}],"version-history":[{"count":2,"href":"https:\/\/fondacarrera.com\/en\/wp-json\/wp\/v2\/pages\/19174\/revisions"}],"predecessor-version":[{"id":19176,"href":"https:\/\/fondacarrera.com\/en\/wp-json\/wp\/v2\/pages\/19174\/revisions\/19176"}],"wp:attachment":[{"href":"https:\/\/fondacarrera.com\/en\/wp-json\/wp\/v2\/media?parent=19174"}],"curies":[{"name":"wp","href":"https:\/\/api.w.org\/{rel}","templated":true}]}}