{"id":19165,"date":"2019-02-19T19:31:05","date_gmt":"2019-02-19T19:31:05","guid":{"rendered":"https:\/\/fondacarrera.com\/?page_id=19165"},"modified":"2019-02-19T19:31:05","modified_gmt":"2019-02-19T19:31:05","slug":"casa-for","status":"publish","type":"page","link":"https:\/\/fondacarrera.com\/en\/casa-for\/","title":{"rendered":"Casa For"},"content":{"rendered":"<p>[et_pb_section bb_built=&#8221;1&#8243; fullwidth=&#8221;on&#8221; next_background_color=&#8221;#000000&#8243; _builder_version=&#8221;3.0.47&#8243;][et_pb_fullwidth_slider _builder_version=&#8221;3.19.15&#8243;][et_pb_slide heading=&#8221;Casa For&#8221; use_bg_overlay=&#8221;off&#8221; use_text_overlay=&#8221;off&#8221; _builder_version=&#8221;3.19.15&#8243; background_image=&#8221;https:\/\/fondacarrera.com\/wp-content\/uploads\/2019\/02\/DSCN1971-1.jpg&#8221; button_on_hover=&#8221;on&#8221;][\/et_pb_slide][et_pb_slide heading=&#8221;Casa For&#8221; use_bg_overlay=&#8221;off&#8221; use_text_overlay=&#8221;off&#8221; _builder_version=&#8221;3.19.15&#8243; background_image=&#8221;https:\/\/fondacarrera.com\/wp-content\/uploads\/2019\/02\/DSCN1986.jpg&#8221; button_on_hover=&#8221;on&#8221;][\/et_pb_slide][et_pb_slide heading=&#8221;Casa For&#8221; use_bg_overlay=&#8221;off&#8221; use_text_overlay=&#8221;off&#8221; _builder_version=&#8221;3.19.15&#8243; background_image=&#8221;https:\/\/fondacarrera.com\/wp-content\/uploads\/2019\/02\/DSCN1958.jpg&#8221; button_on_hover=&#8221;on&#8221;][\/et_pb_slide][et_pb_slide heading=&#8221;Casa For&#8221; use_bg_overlay=&#8221;off&#8221; use_text_overlay=&#8221;off&#8221; _builder_version=&#8221;3.19.15&#8243; background_image=&#8221;https:\/\/fondacarrera.com\/wp-content\/uploads\/2019\/02\/DSCN1983.jpg&#8221; button_on_hover=&#8221;on&#8221;][\/et_pb_slide][\/et_pb_fullwidth_slider][\/et_pb_section][et_pb_section bb_built=&#8221;1&#8243; prev_background_color=&#8221;#000000&#8243; next_background_color=&#8221;#000000&#8243; _builder_version=&#8221;3.0.47&#8243;][et_pb_row _builder_version=&#8221;3.0.48&#8243; background_size=&#8221;initial&#8221; background_position=&#8221;top_left&#8221; background_repeat=&#8221;repeat&#8221;][et_pb_column type=&#8221;4_4&#8243;][et_pb_text _builder_version=&#8221;3.19.15&#8243;]<\/p>\n<h1 style=\"text-align: center;\">La Casa de Turismo Rural Casa For<\/h1>\n<p style=\"text-align: center;\">Casa Rural en el municipio de Labuerda para alquiler completo en temporada de invierno (noviembre a marzo) y por habitaciones en la temporada de abril a octubre.<\/p>\n<p>Casa para 16 personas compuesta por 8 habitaciones dobles, amplio salon con sillones, televisi\u00f3n y hogar, gran cocina, bodega, barbacoa<\/p>\n<p style=\"text-align: center;\">Est\u00e1 equipada con todo lo necesario para su estancia: Lavadora, lavavajillas, ropa de cama y toallas, \u00fatiles de cocina y ba\u00f1o<\/p>\n<p>[\/et_pb_text][\/et_pb_column][\/et_pb_row][\/et_pb_section][et_pb_section bb_built=&#8221;1&#8243; prev_background_color=&#8221;#000000&#8243; _builder_version=&#8221;3.19&#8243; custom_padding=&#8221;0|0px|0|0px|true|false&#8221; next_background_color=&#8221;#000000&#8243;][et_pb_row make_fullwidth=&#8221;on&#8221; use_custom_gutter=&#8221;on&#8221; gutter_width=&#8221;1&#8243; custom_padding=&#8221;0|0px|0|0px|true|false&#8221; make_equal=&#8221;on&#8221; background_color_1=&#8221;#297FCA&#8221; background_color_2=&#8221;#5499D4&#8243; background_color_3=&#8221;#297FCA&#8221; _builder_version=&#8221;3.19&#8243;][et_pb_column type=&#8221;1_3&#8243;][et_pb_image src=&#8221;https:\/\/fondacarrera.com\/wp-content\/uploads\/2019\/02\/DSCN1958.jpg&#8221; _builder_version=&#8221;3.19.15&#8243; \/][et_pb_text _builder_version=&#8221;3.19.15&#8243; text_font=&#8221;Nunito Sans||||||||&#8221; text_text_color=&#8221;#ffffff&#8221; text_font_size=&#8221;16px&#8221; text_line_height=&#8221;1.8em&#8221; header_font=&#8221;Nunito Sans|700|||||||&#8221; header_text_align=&#8221;center&#8221; header_text_color=&#8221;#ffffff&#8221; header_line_height=&#8221;1.3em&#8221; text_orientation=&#8221;center&#8221; custom_padding=&#8221;50px||50px&#8221;]<\/p>\n<h1>Gran cocina<\/h1>\n<p>Completamente equipada<\/p>\n<p>[\/et_pb_text][\/et_pb_column][et_pb_column type=&#8221;1_3&#8243;][et_pb_image src=&#8221;https:\/\/fondacarrera.com\/wp-content\/uploads\/2019\/02\/DSCN1983.jpg&#8221; _builder_version=&#8221;3.19.15&#8243; \/][et_pb_text _builder_version=&#8221;3.19.15&#8243; text_font=&#8221;Nunito Sans||||||||&#8221; text_text_color=&#8221;#ffffff&#8221; text_font_size=&#8221;16px&#8221; text_line_height=&#8221;1.8em&#8221; header_font=&#8221;Nunito Sans|700|||||||&#8221; header_text_align=&#8221;center&#8221; header_text_color=&#8221;#ffffff&#8221; header_line_height=&#8221;1.3em&#8221; text_orientation=&#8221;center&#8221; custom_padding=&#8221;50px||50px&#8221;]<\/p>\n<h1>Sal\u00f3n<\/h1>\n<p>C\u00f3modos sillones con TV<\/p>\n<p>[\/et_pb_text][\/et_pb_column][et_pb_column type=&#8221;1_3&#8243;][et_pb_image src=&#8221;https:\/\/fondacarrera.com\/wp-content\/uploads\/2019\/02\/DSCN1971-1.jpg&#8221; _builder_version=&#8221;3.19.15&#8243; \/][et_pb_text _builder_version=&#8221;3.19.15&#8243; text_font=&#8221;Nunito Sans||||||||&#8221; text_text_color=&#8221;#ffffff&#8221; text_font_size=&#8221;16px&#8221; text_line_height=&#8221;1.8em&#8221; header_font=&#8221;Nunito Sans|700|||||||&#8221; header_text_align=&#8221;center&#8221; header_text_color=&#8221;#ffffff&#8221; header_line_height=&#8221;1.3em&#8221; text_orientation=&#8221;center&#8221; custom_padding=&#8221;50px||50px&#8221;]<\/p>\n<h1>Hogar<\/h1>\n<p>Hogar para las tardes de invierno<\/p>\n<p>[\/et_pb_text][\/et_pb_column][\/et_pb_row][et_pb_row make_fullwidth=&#8221;on&#8221; use_custom_gutter=&#8221;on&#8221; gutter_width=&#8221;1&#8243; custom_padding=&#8221;0|0px|0|0px|true|false&#8221; make_equal=&#8221;on&#8221; background_color_1=&#8221;#297FCA&#8221; background_color_2=&#8221;#5499D4&#8243; background_color_3=&#8221;#297FCA&#8221; _builder_version=&#8221;3.19&#8243;][et_pb_column type=&#8221;1_3&#8243;][et_pb_image src=&#8221;https:\/\/fondacarrera.com\/wp-content\/uploads\/2019\/02\/DSCN1960.jpg&#8221; _builder_version=&#8221;3.19.15&#8243; \/][et_pb_text _builder_version=&#8221;3.19.15&#8243; text_font=&#8221;Nunito Sans||||||||&#8221; text_text_color=&#8221;#ffffff&#8221; text_font_size=&#8221;16px&#8221; text_line_height=&#8221;1.8em&#8221; header_font=&#8221;Nunito Sans|700|||||||&#8221; header_text_align=&#8221;center&#8221; header_text_color=&#8221;#ffffff&#8221; header_line_height=&#8221;1.3em&#8221; text_orientation=&#8221;center&#8221; custom_padding=&#8221;50px||50px&#8221;]<\/p>\n<h1>Amplias estancias comunes<\/h1>\n<p>Gran mesa de comedor<\/p>\n<p>[\/et_pb_text][\/et_pb_column][et_pb_column type=&#8221;1_3&#8243;][et_pb_image src=&#8221;https:\/\/fondacarrera.com\/wp-content\/uploads\/2019\/02\/DSCN1969.jpg&#8221; _builder_version=&#8221;3.19.15&#8243; \/][et_pb_text _builder_version=&#8221;3.19.15&#8243; text_font=&#8221;Nunito Sans||||||||&#8221; text_text_color=&#8221;#ffffff&#8221; text_font_size=&#8221;16px&#8221; text_line_height=&#8221;1.8em&#8221; header_font=&#8221;Nunito Sans|700|||||||&#8221; header_text_align=&#8221;center&#8221; header_text_color=&#8221;#ffffff&#8221; header_line_height=&#8221;1.3em&#8221; text_orientation=&#8221;center&#8221; custom_padding=&#8221;50px||50px&#8221;]<\/p>\n<h1>Ideal para Grupos o empresas<\/h1>\n<p>habitaciones con salas comunes<\/p>\n<p>[\/et_pb_text][\/et_pb_column][et_pb_column type=&#8221;1_3&#8243;][et_pb_image src=&#8221;https:\/\/fondacarrera.com\/wp-content\/uploads\/2019\/02\/DSCN1985.jpg&#8221; _builder_version=&#8221;3.19.15&#8243; \/][et_pb_text _builder_version=&#8221;3.19.15&#8243; text_font=&#8221;Nunito Sans||||||||&#8221; text_text_color=&#8221;#ffffff&#8221; text_font_size=&#8221;16px&#8221; text_line_height=&#8221;1.8em&#8221; header_font=&#8221;Nunito Sans|700|||||||&#8221; header_text_align=&#8221;center&#8221; header_text_color=&#8221;#ffffff&#8221; header_line_height=&#8221;1.3em&#8221; text_orientation=&#8221;center&#8221; custom_padding=&#8221;50px||50px&#8221;]<\/p>\n<h1>Espacio para el reposo<\/h1>\n<p>Estancias bellamente decoradas<\/p>\n<p>[\/et_pb_text][\/et_pb_column][\/et_pb_row][et_pb_row make_fullwidth=&#8221;on&#8221; use_custom_gutter=&#8221;on&#8221; gutter_width=&#8221;1&#8243; custom_padding=&#8221;0|0px|0|0px|true|false&#8221; make_equal=&#8221;on&#8221; background_color_1=&#8221;#297FCA&#8221; background_color_2=&#8221;#5499D4&#8243; background_color_3=&#8221;#297FCA&#8221; _builder_version=&#8221;3.19&#8243;][et_pb_column type=&#8221;1_3&#8243;][et_pb_image src=&#8221;https:\/\/fondacarrera.com\/wp-content\/uploads\/2019\/02\/DSCN1979.jpg&#8221; _builder_version=&#8221;3.19.15&#8243; \/][et_pb_text _builder_version=&#8221;3.19.15&#8243; text_font=&#8221;Nunito Sans||||||||&#8221; text_text_color=&#8221;#ffffff&#8221; text_font_size=&#8221;16px&#8221; text_line_height=&#8221;1.8em&#8221; header_font=&#8221;Nunito Sans|700|||||||&#8221; header_text_align=&#8221;center&#8221; header_text_color=&#8221;#ffffff&#8221; header_line_height=&#8221;1.3em&#8221; text_orientation=&#8221;center&#8221; custom_padding=&#8221;50px||50px&#8221;]<\/p>\n<h1>Casa Tradicional Pirenaica<\/h1>\n<p>Detalles de \u00fatiles antiguos<\/p>\n<p>[\/et_pb_text][\/et_pb_column][et_pb_column type=&#8221;1_3&#8243;][et_pb_image src=&#8221;https:\/\/fondacarrera.com\/wp-content\/uploads\/2019\/02\/DSCN1993.jpg&#8221; _builder_version=&#8221;3.19.15&#8243; \/][et_pb_text _builder_version=&#8221;3.19.15&#8243; text_font=&#8221;Nunito Sans||||||||&#8221; text_text_color=&#8221;#ffffff&#8221; text_font_size=&#8221;16px&#8221; text_line_height=&#8221;1.8em&#8221; header_font=&#8221;Nunito Sans|700|||||||&#8221; header_text_align=&#8221;center&#8221; header_text_color=&#8221;#ffffff&#8221; header_line_height=&#8221;1.3em&#8221; text_orientation=&#8221;center&#8221; custom_padding=&#8221;50px||5px&#8221;]<\/p>\n<h1>Rincones<\/h1>\n<p>\u00bfUna copa?<\/p>\n<p>[\/et_pb_text][\/et_pb_column][et_pb_column type=&#8221;1_3&#8243;][et_pb_image src=&#8221;https:\/\/fondacarrera.com\/wp-content\/uploads\/2019\/02\/DSCN1999.jpg&#8221; _builder_version=&#8221;3.19.15&#8243; \/][et_pb_text _builder_version=&#8221;3.19.15&#8243; text_font=&#8221;Nunito Sans||||||||&#8221; text_text_color=&#8221;#ffffff&#8221; text_font_size=&#8221;16px&#8221; text_line_height=&#8221;1.8em&#8221; header_font=&#8221;Nunito Sans|700|||||||&#8221; header_text_align=&#8221;center&#8221; header_text_color=&#8221;#ffffff&#8221; header_line_height=&#8221;1.3em&#8221; text_orientation=&#8221;center&#8221; custom_padding=&#8221;50px||50px&#8221;]<\/p>\n<h1>Dise\u00f1o<\/h1>\n<p>Increible mezcla de dise\u00f1o moderno y cl\u00e1sico<\/p>\n<p>[\/et_pb_text][\/et_pb_column][\/et_pb_row][et_pb_row make_fullwidth=&#8221;on&#8221; use_custom_gutter=&#8221;on&#8221; gutter_width=&#8221;1&#8243; custom_padding=&#8221;0|0px|0|0px|true|false&#8221; make_equal=&#8221;on&#8221; background_color_1=&#8221;#297FCA&#8221; background_color_2=&#8221;#5499D4&#8243; background_color_3=&#8221;#297FCA&#8221; _builder_version=&#8221;3.19&#8243;][et_pb_column type=&#8221;1_3&#8243;][et_pb_image src=&#8221;https:\/\/fondacarrera.com\/wp-content\/uploads\/2019\/02\/DSCN1997.jpg&#8221; _builder_version=&#8221;3.19.15&#8243; \/][et_pb_text _builder_version=&#8221;3.19.15&#8243; text_font=&#8221;Nunito Sans||||||||&#8221; text_text_color=&#8221;#ffffff&#8221; text_font_size=&#8221;16px&#8221; text_line_height=&#8221;1.8em&#8221; header_font=&#8221;Nunito Sans|700|||||||&#8221; header_text_align=&#8221;center&#8221; header_text_color=&#8221;#ffffff&#8221; header_line_height=&#8221;1.3em&#8221; text_orientation=&#8221;center&#8221; custom_padding=&#8221;50px||50px&#8221;]<\/p>\n<h1>Barbac\u00f3a<\/h1>\n<p>Ideal para degustar las carnes de nuestra comarca<\/p>\n<p>[\/et_pb_text][\/et_pb_column][et_pb_column type=&#8221;1_3&#8243;][et_pb_image src=&#8221;https:\/\/fondacarrera.com\/wp-content\/uploads\/2019\/02\/DSCN2005.jpg&#8221; _builder_version=&#8221;3.19.15&#8243; \/][et_pb_text _builder_version=&#8221;3.19.15&#8243; text_font=&#8221;Nunito Sans||||||||&#8221; text_text_color=&#8221;#ffffff&#8221; text_font_size=&#8221;16px&#8221; text_line_height=&#8221;1.8em&#8221; header_font=&#8221;Nunito Sans|700|||||||&#8221; header_text_align=&#8221;center&#8221; header_text_color=&#8221;#ffffff&#8221; header_line_height=&#8221;1.3em&#8221; text_orientation=&#8221;center&#8221; custom_padding=&#8221;50px||5px&#8221;]<\/p>\n<h1>Habitaciones completas<\/h1>\n<p>Equipadas con todas las necesidades<\/p>\n<p>[\/et_pb_text][\/et_pb_column][et_pb_column type=&#8221;1_3&#8243;][et_pb_image src=&#8221;https:\/\/fondacarrera.com\/wp-content\/uploads\/2019\/02\/DSCN2001.jpg&#8221; _builder_version=&#8221;3.19.15&#8243; \/][et_pb_text _builder_version=&#8221;3.19.15&#8243; text_font=&#8221;Nunito Sans||||||||&#8221; text_text_color=&#8221;#ffffff&#8221; text_font_size=&#8221;16px&#8221; text_line_height=&#8221;1.8em&#8221; header_font=&#8221;Nunito Sans|700|||||||&#8221; header_text_align=&#8221;center&#8221; header_text_color=&#8221;#ffffff&#8221; header_line_height=&#8221;1.3em&#8221; text_orientation=&#8221;center&#8221; custom_padding=&#8221;50px||50px&#8221;]<\/p>\n<h1>Bodega<\/h1>\n<p>bodega cl\u00e1sica Pirenaica<\/p>\n<p>[\/et_pb_text][\/et_pb_column][\/et_pb_row][et_pb_row make_fullwidth=&#8221;on&#8221; use_custom_gutter=&#8221;on&#8221; gutter_width=&#8221;1&#8243; custom_padding=&#8221;0|0px|0|0px|true|false&#8221; make_equal=&#8221;on&#8221; background_color_1=&#8221;#297FCA&#8221; background_color_2=&#8221;#5499D4&#8243; background_color_3=&#8221;#297FCA&#8221; _builder_version=&#8221;3.19&#8243;][et_pb_column type=&#8221;1_3&#8243;][et_pb_image src=&#8221;https:\/\/fondacarrera.com\/wp-content\/uploads\/2019\/02\/DSCN2008.jpg&#8221; _builder_version=&#8221;3.19.15&#8243; \/][et_pb_text _builder_version=&#8221;3.19.15&#8243; text_font=&#8221;Nunito Sans||||||||&#8221; text_text_color=&#8221;#ffffff&#8221; text_font_size=&#8221;16px&#8221; text_line_height=&#8221;1.8em&#8221; header_font=&#8221;Nunito Sans|700|||||||&#8221; header_text_align=&#8221;center&#8221; header_text_color=&#8221;#ffffff&#8221; header_line_height=&#8221;1.3em&#8221; text_orientation=&#8221;center&#8221; custom_padding=&#8221;50px||50px&#8221;]<\/p>\n<h1>Disfrute de la tranquilidad<\/h1>\n<p>Paz y tranquilidad<\/p>\n<p>[\/et_pb_text][\/et_pb_column][et_pb_column type=&#8221;1_3&#8243;][et_pb_image src=&#8221;https:\/\/fondacarrera.com\/wp-content\/uploads\/2019\/02\/DSCN2014.jpg&#8221; _builder_version=&#8221;3.19.15&#8243; \/][et_pb_text _builder_version=&#8221;3.19.15&#8243; text_font=&#8221;Nunito Sans||||||||&#8221; text_text_color=&#8221;#ffffff&#8221; text_font_size=&#8221;16px&#8221; text_line_height=&#8221;1.8em&#8221; header_font=&#8221;Nunito Sans|700|||||||&#8221; header_text_align=&#8221;center&#8221; header_text_color=&#8221;#ffffff&#8221; header_line_height=&#8221;1.3em&#8221; text_orientation=&#8221;center&#8221; custom_padding=&#8221;50px||5px&#8221;]<\/p>\n<h1>Habitaciones completas<\/h1>\n<p>Equipadas con todas las necesidades<\/p>\n<p>[\/et_pb_text][\/et_pb_column][et_pb_column type=&#8221;1_3&#8243;][et_pb_image src=&#8221;https:\/\/fondacarrera.com\/wp-content\/uploads\/2019\/02\/DSCN2046.jpg&#8221; _builder_version=&#8221;3.19.15&#8243; \/][et_pb_text _builder_version=&#8221;3.19.15&#8243; text_font=&#8221;Nunito Sans||||||||&#8221; text_text_color=&#8221;#ffffff&#8221; text_font_size=&#8221;16px&#8221; text_line_height=&#8221;1.8em&#8221; header_font=&#8221;Nunito Sans|700|||||||&#8221; header_text_align=&#8221;center&#8221; header_text_color=&#8221;#ffffff&#8221; header_line_height=&#8221;1.3em&#8221; text_orientation=&#8221;center&#8221; custom_padding=&#8221;50px||50px&#8221;]<\/p>\n<h1>Estancias de lujo<\/h1>\n<p>Lorem ipsum dolor sit amet consectetur<\/p>\n<p>[\/et_pb_text][\/et_pb_column][\/et_pb_row][et_pb_row make_fullwidth=&#8221;on&#8221; use_custom_gutter=&#8221;on&#8221; gutter_width=&#8221;1&#8243; custom_padding=&#8221;0|0px|0|0px|true|false&#8221; make_equal=&#8221;on&#8221; background_color_1=&#8221;#297FCA&#8221; background_color_2=&#8221;#5499D4&#8243; background_color_3=&#8221;#297FCA&#8221; _builder_version=&#8221;3.19&#8243;][et_pb_column type=&#8221;1_3&#8243;][et_pb_image src=&#8221;https:\/\/fondacarrera.com\/wp-content\/uploads\/2019\/02\/DSCN2112.jpg&#8221; _builder_version=&#8221;3.19.15&#8243; \/][et_pb_text _builder_version=&#8221;3.19.15&#8243; text_font=&#8221;Nunito Sans||||||||&#8221; text_text_color=&#8221;#ffffff&#8221; text_font_size=&#8221;16px&#8221; text_line_height=&#8221;1.8em&#8221; header_font=&#8221;Nunito Sans|700|||||||&#8221; header_text_align=&#8221;center&#8221; header_text_color=&#8221;#ffffff&#8221; header_line_height=&#8221;1.3em&#8221; text_orientation=&#8221;center&#8221; custom_padding=&#8221;50px||50px&#8221;]<\/p>\n<h1>Terraza Exterior con sillones<\/h1>\n<p>Paz y tranquilidad<\/p>\n<p>[\/et_pb_text][\/et_pb_column][et_pb_column type=&#8221;1_3&#8243;][et_pb_image src=&#8221;https:\/\/fondacarrera.com\/wp-content\/uploads\/2019\/02\/DSCN2061.jpg&#8221; _builder_version=&#8221;3.19.15&#8243; \/][et_pb_text _builder_version=&#8221;3.19.15&#8243; text_font=&#8221;Nunito Sans||||||||&#8221; text_text_color=&#8221;#ffffff&#8221; text_font_size=&#8221;16px&#8221; text_line_height=&#8221;1.8em&#8221; header_font=&#8221;Nunito Sans|700|||||||&#8221; header_text_align=&#8221;center&#8221; header_text_color=&#8221;#ffffff&#8221; header_line_height=&#8221;1.3em&#8221; text_orientation=&#8221;center&#8221; custom_padding=&#8221;50px||5px&#8221;]<\/p>\n<h1>Habitaciones completas<\/h1>\n<p>Equipadas con todas las necesidades<\/p>\n<p>[\/et_pb_text][\/et_pb_column][et_pb_column type=&#8221;1_3&#8243;][et_pb_image src=&#8221;https:\/\/fondacarrera.com\/wp-content\/uploads\/2019\/02\/DSCN2075.jpg&#8221; _builder_version=&#8221;3.19.15&#8243; \/][et_pb_text _builder_version=&#8221;3.19.15&#8243; text_font=&#8221;Nunito Sans||||||||&#8221; text_text_color=&#8221;#ffffff&#8221; text_font_size=&#8221;16px&#8221; text_line_height=&#8221;1.8em&#8221; header_font=&#8221;Nunito Sans|700|||||||&#8221; header_text_align=&#8221;center&#8221; header_text_color=&#8221;#ffffff&#8221; header_line_height=&#8221;1.3em&#8221; text_orientation=&#8221;center&#8221; custom_padding=&#8221;50px||50px&#8221;]<\/p>\n<h1>Paz y descanso<\/h1>\n<p>8 habitaciones completas<\/p>\n<p>[\/et_pb_text][\/et_pb_column][\/et_pb_row][\/et_pb_section][et_pb_section bb_built=&#8221;1&#8243; _builder_version=&#8221;3.19.15&#8243; prev_background_color=&#8221;#000000&#8243;][et_pb_row custom_padding=&#8221;22.7188px|0px|0|0px|false|false&#8221; _builder_version=&#8221;3.19.15&#8243;][et_pb_column type=&#8221;4_4&#8243;][et_pb_gallery gallery_ids=&#8221;19133,19132,19131,19130,19129,19128,19127,19126,19125,19124,19123,19122,19121,19120,19119,19118,19117,19116,19115,19114,19113,19112,19111,19110,19109,19108,19107,19106,19105,19104,19103,19102,19101,19100,19099,19098,19097,19096,19095,19094,19093,19092,19091,19090,19089,19088,19087,19086,19085,19084,19083,19082,19081,19080,19079,19078,19077,19076,19075,19074,19073,19072,19071,19070,19069,19068,19067,19066,19065,19064,19063,19062,19061,19060,19059,19058,19057,19056,19055,19054,19053,19052,19051,19050,19049,19048,19047,19046,19045,19044,19043,19042,19041,19040,19039,19038,19037,19036,19035,19034,19033,19032,19031,19030,19029,19028,19027,19026,19022,19020,19019,19018,19017,19016,19015,19014,19013,19012,19009,19008&#8243; posts_number=&#8221;32&#8243; show_title_and_caption=&#8221;off&#8221; _builder_version=&#8221;3.19.15&#8243; caption_font=&#8221;||||||||&#8221; \/][\/et_pb_column][\/et_pb_row][\/et_pb_section]<\/p>\n","protected":false},"excerpt":{"rendered":"<p>Casa For Casa For Casa For Casa For La Casa de Turismo Rural Casa For Casa Rural en el municipio de Labuerda para alquiler completo en temporada de invierno (noviembre a marzo) y por habitaciones en la temporada de abril a octubre. Casa para 16 personas compuesta por 8 habitaciones dobles, amplio salon con sillones, [&hellip;]<\/p>\n","protected":false},"author":1,"featured_media":0,"parent":0,"menu_order":0,"comment_status":"closed","ping_status":"closed","template":"","meta":{"_et_pb_use_builder":"on","_et_pb_old_content":"","_et_gb_content_width":"","_monsterinsights_skip_tracking":false,"_monsterinsights_sitenote_active":false,"_monsterinsights_sitenote_note":"","_monsterinsights_sitenote_category":0,"footnotes":""},"class_list":["post-19165","page","type-page","status-publish","hentry"],"yoast_head":"<!-- This site is optimized with the Yoast SEO plugin v25.6 - https:\/\/yoast.com\/wordpress\/plugins\/seo\/ -->\n<title>Casa For - Fonda Carrera Fonda Carrera - Labuerda - Sobrarbe - Restaurante - Turismo Rural<\/title>\n<meta name=\"description\" content=\"Fonda Carrera - Labuerda - Sobrarbe - Restaurante - Turismo Rural Fonda Carrera - Alojamiento Sobrarbe - Turismo Rural Pirineos Ordesa Pirineo Labuerda Restaurante\" \/>\n<meta name=\"robots\" content=\"index, follow, max-snippet:-1, max-image-preview:large, max-video-preview:-1\" \/>\n<link rel=\"canonical\" href=\"https:\/\/fondacarrera.com\/en\/casa-for\/\" \/>\n<meta property=\"og:locale\" content=\"en_US\" \/>\n<meta property=\"og:type\" content=\"article\" \/>\n<meta property=\"og:title\" content=\"Casa For - Fonda Carrera Fonda Carrera - Labuerda - Sobrarbe - Restaurante - Turismo Rural\" \/>\n<meta property=\"og:description\" content=\"Fonda Carrera - Labuerda - Sobrarbe - Restaurante - Turismo Rural Fonda Carrera - Alojamiento Sobrarbe - Turismo Rural Pirineos Ordesa Pirineo Labuerda Restaurante\" \/>\n<meta property=\"og:url\" content=\"https:\/\/fondacarrera.com\/en\/casa-for\/\" \/>\n<meta property=\"og:site_name\" content=\"Fonda Carrera\" \/>\n<meta name=\"twitter:card\" content=\"summary_large_image\" \/>\n<meta name=\"twitter:label1\" content=\"Est. reading time\" \/>\n\t<meta name=\"twitter:data1\" content=\"9 minutes\" \/>\n<script type=\"application\/ld+json\" class=\"yoast-schema-graph\">{\"@context\":\"https:\/\/schema.org\",\"@graph\":[{\"@type\":\"WebPage\",\"@id\":\"https:\/\/fondacarrera.com\/en\/casa-for\/\",\"url\":\"https:\/\/fondacarrera.com\/en\/casa-for\/\",\"name\":\"Casa For - Fonda Carrera Fonda Carrera - Labuerda - Sobrarbe - Restaurante - Turismo Rural\",\"isPartOf\":{\"@id\":\"https:\/\/fondacarrera.com\/#website\"},\"datePublished\":\"2019-02-19T19:31:05+00:00\",\"description\":\"Fonda Carrera - Labuerda - Sobrarbe - Restaurante - Turismo Rural Fonda Carrera - Alojamiento Sobrarbe - Turismo Rural Pirineos Ordesa Pirineo Labuerda Restaurante\",\"breadcrumb\":{\"@id\":\"https:\/\/fondacarrera.com\/en\/casa-for\/#breadcrumb\"},\"inLanguage\":\"en-US\",\"potentialAction\":[{\"@type\":\"ReadAction\",\"target\":[\"https:\/\/fondacarrera.com\/en\/casa-for\/\"]}]},{\"@type\":\"BreadcrumbList\",\"@id\":\"https:\/\/fondacarrera.com\/en\/casa-for\/#breadcrumb\",\"itemListElement\":[{\"@type\":\"ListItem\",\"position\":1,\"name\":\"Portada\",\"item\":\"https:\/\/fondacarrera.com\/en\/\"},{\"@type\":\"ListItem\",\"position\":2,\"name\":\"Casa For\"}]},{\"@type\":\"WebSite\",\"@id\":\"https:\/\/fondacarrera.com\/#website\",\"url\":\"https:\/\/fondacarrera.com\/\",\"name\":\"Fonda Carrera\",\"description\":\"Labuerda - Sobrarbe\",\"potentialAction\":[{\"@type\":\"SearchAction\",\"target\":{\"@type\":\"EntryPoint\",\"urlTemplate\":\"https:\/\/fondacarrera.com\/?s={search_term_string}\"},\"query-input\":{\"@type\":\"PropertyValueSpecification\",\"valueRequired\":true,\"valueName\":\"search_term_string\"}}],\"inLanguage\":\"en-US\"}]}<\/script>\n<!-- \/ Yoast SEO plugin. -->","yoast_head_json":{"title":"Casa For - Fonda Carrera Fonda Carrera - Labuerda - Sobrarbe - Restaurante - Turismo Rural","description":"Fonda Carrera - Labuerda - Sobrarbe - Restaurante - Turismo Rural Fonda Carrera - Alojamiento Sobrarbe - Turismo Rural Pirineos Ordesa Pirineo Labuerda Restaurante","robots":{"index":"index","follow":"follow","max-snippet":"max-snippet:-1","max-image-preview":"max-image-preview:large","max-video-preview":"max-video-preview:-1"},"canonical":"https:\/\/fondacarrera.com\/en\/casa-for\/","og_locale":"en_US","og_type":"article","og_title":"Casa For - Fonda Carrera Fonda Carrera - Labuerda - Sobrarbe - Restaurante - Turismo Rural","og_description":"Fonda Carrera - Labuerda - Sobrarbe - Restaurante - Turismo Rural Fonda Carrera - Alojamiento Sobrarbe - Turismo Rural Pirineos Ordesa Pirineo Labuerda Restaurante","og_url":"https:\/\/fondacarrera.com\/en\/casa-for\/","og_site_name":"Fonda Carrera","twitter_card":"summary_large_image","twitter_misc":{"Est. reading time":"9 minutes"},"schema":{"@context":"https:\/\/schema.org","@graph":[{"@type":"WebPage","@id":"https:\/\/fondacarrera.com\/en\/casa-for\/","url":"https:\/\/fondacarrera.com\/en\/casa-for\/","name":"Casa For - Fonda Carrera Fonda Carrera - Labuerda - Sobrarbe - Restaurante - Turismo Rural","isPartOf":{"@id":"https:\/\/fondacarrera.com\/#website"},"datePublished":"2019-02-19T19:31:05+00:00","description":"Fonda Carrera - Labuerda - Sobrarbe - Restaurante - Turismo Rural Fonda Carrera - Alojamiento Sobrarbe - Turismo Rural Pirineos Ordesa Pirineo Labuerda Restaurante","breadcrumb":{"@id":"https:\/\/fondacarrera.com\/en\/casa-for\/#breadcrumb"},"inLanguage":"en-US","potentialAction":[{"@type":"ReadAction","target":["https:\/\/fondacarrera.com\/en\/casa-for\/"]}]},{"@type":"BreadcrumbList","@id":"https:\/\/fondacarrera.com\/en\/casa-for\/#breadcrumb","itemListElement":[{"@type":"ListItem","position":1,"name":"Portada","item":"https:\/\/fondacarrera.com\/en\/"},{"@type":"ListItem","position":2,"name":"Casa For"}]},{"@type":"WebSite","@id":"https:\/\/fondacarrera.com\/#website","url":"https:\/\/fondacarrera.com\/","name":"Fonda Carrera","description":"Labuerda - Sobrarbe","potentialAction":[{"@type":"SearchAction","target":{"@type":"EntryPoint","urlTemplate":"https:\/\/fondacarrera.com\/?s={search_term_string}"},"query-input":{"@type":"PropertyValueSpecification","valueRequired":true,"valueName":"search_term_string"}}],"inLanguage":"en-US"}]}},"featured_image_src":null,"featured_image_src_square":null,"_links":{"self":[{"href":"https:\/\/fondacarrera.com\/en\/wp-json\/wp\/v2\/pages\/19165"}],"collection":[{"href":"https:\/\/fondacarrera.com\/en\/wp-json\/wp\/v2\/pages"}],"about":[{"href":"https:\/\/fondacarrera.com\/en\/wp-json\/wp\/v2\/types\/page"}],"author":[{"embeddable":true,"href":"https:\/\/fondacarrera.com\/en\/wp-json\/wp\/v2\/users\/1"}],"replies":[{"embeddable":true,"href":"https:\/\/fondacarrera.com\/en\/wp-json\/wp\/v2\/comments?post=19165"}],"version-history":[{"count":2,"href":"https:\/\/fondacarrera.com\/en\/wp-json\/wp\/v2\/pages\/19165\/revisions"}],"predecessor-version":[{"id":19167,"href":"https:\/\/fondacarrera.com\/en\/wp-json\/wp\/v2\/pages\/19165\/revisions\/19167"}],"wp:attachment":[{"href":"https:\/\/fondacarrera.com\/en\/wp-json\/wp\/v2\/media?parent=19165"}],"curies":[{"name":"wp","href":"https:\/\/api.w.org\/{rel}","templated":true}]}}