{"id":19162,"date":"2019-02-19T19:29:00","date_gmt":"2019-02-19T19:29:00","guid":{"rendered":"https:\/\/fondacarrera.com\/?page_id=19162"},"modified":"2019-02-19T19:29:00","modified_gmt":"2019-02-19T19:29:00","slug":"casa-orosia","status":"publish","type":"page","link":"https:\/\/fondacarrera.com\/en\/casa-orosia\/","title":{"rendered":"Casa Orosia"},"content":{"rendered":"<p>[et_pb_section bb_built=&#8221;1&#8243; fullwidth=&#8221;on&#8221; next_background_color=&#8221;#000000&#8243; _builder_version=&#8221;3.0.47&#8243; custom_padding=&#8221;0px|0px|3px|0px|false|false&#8221;][et_pb_fullwidth_slider _builder_version=&#8221;3.19.15&#8243;][et_pb_slide heading=&#8221;Casa Orosia&#8221; use_bg_overlay=&#8221;off&#8221; use_text_overlay=&#8221;off&#8221; _builder_version=&#8221;3.19.15&#8243; background_image=&#8221;https:\/\/fondacarrera.com\/wp-content\/uploads\/2019\/02\/IMG_3896-2.jpg&#8221; button_on_hover=&#8221;on&#8221;][\/et_pb_slide][\/et_pb_fullwidth_slider][\/et_pb_section][et_pb_section bb_built=&#8221;1&#8243; prev_background_color=&#8221;#000000&#8243; next_background_color=&#8221;#000000&#8243; _builder_version=&#8221;3.0.47&#8243; custom_padding=&#8221;45.4531px|0px|0|0px|false|false&#8221;][et_pb_row custom_padding=&#8221;0|0px|0|0px|false|false&#8221; _builder_version=&#8221;3.0.48&#8243; background_size=&#8221;initial&#8221; background_position=&#8221;top_left&#8221; background_repeat=&#8221;repeat&#8221;][et_pb_column type=&#8221;4_4&#8243;][et_pb_text _builder_version=&#8221;3.0.74&#8243; background_size=&#8221;initial&#8221; background_position=&#8221;top_left&#8221; background_repeat=&#8221;repeat&#8221;]<\/p>\n<h1 style=\"text-align: center;\">La Casa de Turismo Rural Casa Orosia<\/h1>\n<p style=\"text-align: center;\">Casa Rural en el municipio de Labuerda para alquiler completo<\/p>\n<p style=\"text-align: center;\">Casa para 7+1 personas con 3 habitaciones dobles, 2 ba\u00f1os, 1 aseo, Cocina comedor y sala de estar<\/p>\n<p style=\"text-align: center;\">Est\u00e1 equipada con todo lo necesario para su estancia: Lavadora, lavavajillas, ropa de cama y toallas, \u00fatiles de cocina y ba\u00f1o<\/p>\n<p>&nbsp;<\/p>\n<p>&nbsp;<\/p>\n<p>[\/et_pb_text][\/et_pb_column][\/et_pb_row][\/et_pb_section][et_pb_section bb_built=&#8221;1&#8243; prev_background_color=&#8221;#000000&#8243; next_background_color=&#8221;#000000&#8243; _builder_version=&#8221;3.17.6&#8243; custom_padding=&#8221;0|0px|0|0px|true|false&#8221;][et_pb_row make_fullwidth=&#8221;on&#8221; custom_padding=&#8221;0|0px|0|0px|true|false&#8221; make_equal=&#8221;on&#8221; _builder_version=&#8221;3.19.15&#8243;][et_pb_column type=&#8221;1_2&#8243;][et_pb_image src=&#8221;https:\/\/fondacarrera.com\/wp-content\/uploads\/2019\/02\/DSCN2129.jpg&#8221; align=&#8221;center&#8221; _builder_version=&#8221;3.19.15&#8243; use_background_color_gradient=&#8221;on&#8221; background_color_gradient_start=&#8221;#003366&#8243; custom_padding=&#8221;||||true&#8221;]<\/p>\n<p>&nbsp;<\/p>\n<p>[\/et_pb_image][\/et_pb_column][et_pb_column type=&#8221;1_2&#8243;][et_pb_text _builder_version=&#8221;3.19.15&#8243; text_font=&#8221;Nunito Sans|300|||||||&#8221; text_text_color=&#8221;#5499D4&#8243; text_font_size=&#8221;20px&#8221; text_line_height=&#8221;1.6em&#8221; header_font=&#8221;Nunito Sans|700|||||||&#8221; header_text_color=&#8221;#297FCA&#8221; header_line_height=&#8221;1.3em&#8221; max_width=&#8221;77%&#8221; module_alignment=&#8221;center&#8221; custom_padding=&#8221;||||true&#8221;]<\/p>\n<h1 style=\"text-align: center;\"><span style=\"color: #000000; font-family: inherit; font-weight: normal;\">Planta Baja<\/span><\/h1>\n<p><span style=\"color: #000000; font-family: inherit; font-weight: normal;\">Consta de cocina-comedor y sal\u00f3n en una sola pieza pero muy amplia, con televisi\u00f3n. La cocina, tipo office, est\u00e1 <strong>completamente equipada<\/strong> (nevera, horno, microondas, lavavajillas, vajilla, y todo el menaje necesario para que su estancia sea m\u00e1s c\u00f3moda).<\/span><\/p>\n<p><span style=\"color: #000000; font-family: inherit;\">Esta planta dispone de <strong>aseo y lavadora<\/strong><\/span><\/p>\n<p>[\/et_pb_text][\/et_pb_column][\/et_pb_row][et_pb_row use_custom_gutter=&#8221;on&#8221; gutter_width=&#8221;1&#8243; custom_padding=&#8221;0|0px|0|0px|true|false&#8221; make_equal=&#8221;on&#8221; _builder_version=&#8221;3.17.6&#8243;][et_pb_column type=&#8221;1_2&#8243;][et_pb_text _builder_version=&#8221;3.19.15&#8243; text_font=&#8221;Nunito Sans|300|||||||&#8221; text_text_color=&#8221;#5499D4&#8243; text_font_size=&#8221;20px&#8221; text_line_height=&#8221;1.6em&#8221; header_font=&#8221;Nunito Sans|700|||||||&#8221; header_text_color=&#8221;#297FCA&#8221; header_line_height=&#8221;1.3em&#8221; max_width=&#8221;77%&#8221; module_alignment=&#8221;center&#8221; custom_padding=&#8221;||||true&#8221;]<\/p>\n<h1 style=\"text-align: center;\"><\/h1>\n<h1 style=\"text-align: center;\"><\/h1>\n<h1 style=\"text-align: center;\"><\/h1>\n<h1 style=\"text-align: center;\"><\/h1>\n<h1 style=\"text-align: center;\"><\/h1>\n<h1 style=\"text-align: center;\"><\/h1>\n<h1 style=\"text-align: center;\"><\/h1>\n<h1 style=\"text-align: center;\"><\/h1>\n<h1 style=\"text-align: center;\"><\/h1>\n<h1 style=\"text-align: center;\"><\/h1>\n<h1 style=\"text-align: center;\"><span style=\"color: #000000; font-family: inherit; font-weight: normal;\">Primera Planta<\/span><\/h1>\n<p>&nbsp;<\/p>\n<p><span style=\"color: #000000; font-family: inherit;\">Cuenta con <strong>sala de estar con televisi\u00f3n, v\u00eddeo y juegos<\/strong>, sof\u00e1-cama, una habitaci\u00f3n triple y un ba\u00f1o completo.<\/span><\/p>\n<p>&nbsp;<\/p>\n<p>[\/et_pb_text][\/et_pb_column][et_pb_column type=&#8221;1_2&#8243;][et_pb_image src=&#8221;https:\/\/fondacarrera.com\/wp-content\/uploads\/2019\/02\/DSCN2118.jpg&#8221; align=&#8221;center&#8221; _builder_version=&#8221;3.19.15&#8243; use_background_color_gradient=&#8221;on&#8221; custom_padding=&#8221;||||true&#8221;]<\/p>\n<p>&nbsp;<\/p>\n<p>[\/et_pb_image][\/et_pb_column][\/et_pb_row][et_pb_row use_custom_gutter=&#8221;on&#8221; gutter_width=&#8221;1&#8243; custom_padding=&#8221;0|0px|0|0px|true|false&#8221; make_equal=&#8221;on&#8221; _builder_version=&#8221;3.19.14&#8243;][et_pb_column type=&#8221;1_2&#8243;][et_pb_image src=&#8221;https:\/\/fondacarrera.com\/wp-content\/uploads\/2019\/02\/DSCN2122.jpg&#8221; align=&#8221;center&#8221; _builder_version=&#8221;3.19.15&#8243; use_background_color_gradient=&#8221;on&#8221; custom_padding=&#8221;||||true&#8221;]<\/p>\n<p>&nbsp;<\/p>\n<p>[\/et_pb_image][\/et_pb_column][et_pb_column type=&#8221;1_2&#8243;][et_pb_text _builder_version=&#8221;3.17.6&#8243; text_font=&#8221;Nunito Sans|300|||||||&#8221; text_text_color=&#8221;#5499D4&#8243; text_font_size=&#8221;20px&#8221; text_line_height=&#8221;1.6em&#8221; header_font=&#8221;Nunito Sans|700|||||||&#8221; header_text_color=&#8221;#297FCA&#8221; header_line_height=&#8221;1.3em&#8221; max_width=&#8221;77%&#8221; module_alignment=&#8221;center&#8221; custom_padding=&#8221;114px||114px||true&#8221;]<\/p>\n<h1 style=\"text-align: center;\"><span style=\"color: #000000; font-family: inherit; font-weight: normal;\">Planta Abuhardillada<\/span><\/h1>\n<p><span style=\"color: #000000; font-family: inherit;\">Con el <strong>techo de madera<\/strong>, dispone de dos habitaciones dobles y ba\u00f1o completo<\/span><\/p>\n<p>[\/et_pb_text][\/et_pb_column][\/et_pb_row][\/et_pb_section][et_pb_section bb_built=&#8221;1&#8243; prev_background_color=&#8221;#000000&#8243; _builder_version=&#8221;3.15&#8243;][et_pb_row use_custom_gutter=&#8221;on&#8221; gutter_width=&#8221;2&#8243; _builder_version=&#8221;3.15&#8243;][et_pb_column type=&#8221;1_2&#8243;][et_pb_image src=&#8221;https:\/\/fondacarrera.com\/wp-content\/uploads\/2019\/02\/IMG_3896-2.jpg&#8221; show_in_lightbox=&#8221;on&#8221; use_overlay=&#8221;on&#8221; overlay_icon_color=&#8221;rgba(0,0,0,0)&#8221; hover_overlay_color=&#8221;rgba(0,0,0,0.22)&#8221; _builder_version=&#8221;3.19.15&#8243; border_color_right=&#8221;#ffffff&#8221; border_color_bottom=&#8221;#ffffff&#8221; custom_padding=&#8221;||16px|&#8221;]<\/p>\n<p>&nbsp;<\/p>\n<p>[\/et_pb_image][\/et_pb_column][et_pb_column type=&#8221;1_4&#8243;][et_pb_image src=&#8221;https:\/\/fondacarrera.com\/wp-content\/uploads\/2019\/02\/DSCN2118.jpg&#8221; show_in_lightbox=&#8221;on&#8221; use_overlay=&#8221;on&#8221; overlay_icon_color=&#8221;rgba(0,0,0,0)&#8221; hover_overlay_color=&#8221;rgba(0,0,0,0.22)&#8221; _builder_version=&#8221;3.19.15&#8243; border_color_right=&#8221;#ffffff&#8221; border_color_bottom=&#8221;#ffffff&#8221; custom_padding=&#8221;||16px|&#8221;]<\/p>\n<p>&nbsp;<\/p>\n<p>[\/et_pb_image][et_pb_image src=&#8221;https:\/\/fondacarrera.com\/wp-content\/uploads\/2019\/02\/DSCN2124.jpg&#8221; show_in_lightbox=&#8221;on&#8221; use_overlay=&#8221;on&#8221; overlay_icon_color=&#8221;rgba(0,0,0,0)&#8221; hover_overlay_color=&#8221;rgba(0,0,0,0.22)&#8221; _builder_version=&#8221;3.19.15&#8243; border_color_right=&#8221;#ffffff&#8221; border_color_bottom=&#8221;#ffffff&#8221; custom_padding=&#8221;||16px|&#8221;]<\/p>\n<p>&nbsp;<\/p>\n<p>[\/et_pb_image][\/et_pb_column][et_pb_column type=&#8221;1_4&#8243;][et_pb_image src=&#8221;https:\/\/fondacarrera.com\/wp-content\/uploads\/2019\/02\/DSCN2119.jpg&#8221; show_in_lightbox=&#8221;on&#8221; use_overlay=&#8221;on&#8221; overlay_icon_color=&#8221;rgba(0,0,0,0)&#8221; hover_overlay_color=&#8221;rgba(0,0,0,0.22)&#8221; _builder_version=&#8221;3.19.15&#8243; border_color_right=&#8221;#ffffff&#8221; border_color_bottom=&#8221;#ffffff&#8221; custom_padding=&#8221;||16px|&#8221;]<\/p>\n<p>&nbsp;<\/p>\n<p>[\/et_pb_image][et_pb_image src=&#8221;https:\/\/fondacarrera.com\/wp-content\/uploads\/2019\/02\/DSCN2121.jpg&#8221; show_in_lightbox=&#8221;on&#8221; use_overlay=&#8221;on&#8221; overlay_icon_color=&#8221;rgba(0,0,0,0)&#8221; hover_overlay_color=&#8221;rgba(0,0,0,0.22)&#8221; _builder_version=&#8221;3.19.15&#8243; border_color_right=&#8221;#ffffff&#8221; border_color_bottom=&#8221;#ffffff&#8221; custom_padding=&#8221;||16px|&#8221;]<\/p>\n<p>&nbsp;<\/p>\n<p>[\/et_pb_image][\/et_pb_column][\/et_pb_row][et_pb_row use_custom_gutter=&#8221;on&#8221; gutter_width=&#8221;2&#8243; _builder_version=&#8221;3.15&#8243;][et_pb_column type=&#8221;1_4&#8243;][et_pb_image src=&#8221;https:\/\/fondacarrera.com\/wp-content\/uploads\/2019\/02\/DSCN2127.jpg&#8221; show_in_lightbox=&#8221;on&#8221; use_overlay=&#8221;on&#8221; overlay_icon_color=&#8221;rgba(0,0,0,0)&#8221; hover_overlay_color=&#8221;rgba(0,0,0,0.22)&#8221; _builder_version=&#8221;3.19.15&#8243; border_color_right=&#8221;#ffffff&#8221; border_color_bottom=&#8221;#ffffff&#8221; custom_padding=&#8221;||16px|&#8221;]<\/p>\n<p>&nbsp;<\/p>\n<p>[\/et_pb_image][et_pb_image src=&#8221;https:\/\/fondacarrera.com\/wp-content\/uploads\/2019\/02\/DSCN2129-1.jpg&#8221; show_in_lightbox=&#8221;on&#8221; use_overlay=&#8221;on&#8221; overlay_icon_color=&#8221;rgba(0,0,0,0)&#8221; hover_overlay_color=&#8221;rgba(0,0,0,0.22)&#8221; _builder_version=&#8221;3.19.15&#8243; border_color_right=&#8221;#ffffff&#8221; border_color_bottom=&#8221;#ffffff&#8221; custom_padding=&#8221;||16px|&#8221;]<\/p>\n<p>&nbsp;<\/p>\n<p>[\/et_pb_image][\/et_pb_column][et_pb_column type=&#8221;1_4&#8243;][et_pb_image src=&#8221;https:\/\/fondacarrera.com\/wp-content\/uploads\/2019\/02\/DSCN2123.jpg&#8221; show_in_lightbox=&#8221;on&#8221; use_overlay=&#8221;on&#8221; overlay_icon_color=&#8221;rgba(0,0,0,0)&#8221; hover_overlay_color=&#8221;rgba(0,0,0,0.22)&#8221; _builder_version=&#8221;3.19.15&#8243; border_color_right=&#8221;#ffffff&#8221; border_color_bottom=&#8221;#ffffff&#8221; custom_padding=&#8221;||16px|&#8221;]<\/p>\n<p>&nbsp;<\/p>\n<p>[\/et_pb_image][et_pb_image src=&#8221;https:\/\/fondacarrera.com\/wp-content\/uploads\/2019\/02\/DSCN2116.jpg&#8221; show_in_lightbox=&#8221;on&#8221; use_overlay=&#8221;on&#8221; overlay_icon_color=&#8221;rgba(0,0,0,0)&#8221; hover_overlay_color=&#8221;rgba(0,0,0,0.22)&#8221; _builder_version=&#8221;3.19.15&#8243; border_color_right=&#8221;#ffffff&#8221; border_color_bottom=&#8221;#ffffff&#8221; custom_padding=&#8221;||16px|&#8221;]<\/p>\n<p>&nbsp;<\/p>\n<p>[\/et_pb_image][\/et_pb_column][et_pb_column type=&#8221;1_2&#8243;][et_pb_image src=&#8221;https:\/\/fondacarrera.com\/wp-content\/uploads\/2019\/02\/DSCN2131.jpg&#8221; show_in_lightbox=&#8221;on&#8221; use_overlay=&#8221;on&#8221; overlay_icon_color=&#8221;rgba(0,0,0,0)&#8221; hover_overlay_color=&#8221;rgba(0,0,0,0.22)&#8221; _builder_version=&#8221;3.19.15&#8243; border_color_right=&#8221;#ffffff&#8221; border_color_bottom=&#8221;#ffffff&#8221; custom_padding=&#8221;||16px|&#8221;]<\/p>\n<p>&nbsp;<\/p>\n<p>[\/et_pb_image][\/et_pb_column][\/et_pb_row][\/et_pb_section]<\/p>\n","protected":false},"excerpt":{"rendered":"<p>Casa Orosia La Casa de Turismo Rural Casa Orosia Casa Rural en el municipio de Labuerda para alquiler completo Casa para 7+1 personas con 3 habitaciones dobles, 2 ba\u00f1os, 1 aseo, Cocina comedor y sala de estar Est\u00e1 equipada con todo lo necesario para su estancia: Lavadora, lavavajillas, ropa de cama y toallas, \u00fatiles de [&hellip;]<\/p>\n","protected":false},"author":1,"featured_media":0,"parent":0,"menu_order":0,"comment_status":"closed","ping_status":"closed","template":"","meta":{"_et_pb_use_builder":"on","_et_pb_old_content":"<h1>La casa de turismo rural Casa Orosia<\/h1>\r\n<h4>Oferta Casa Orosia Verano 2010 (6-7 Personas\/Pax)<\/h4>\r\nJunio, Julio y Septiembre 2010\r\n\r\n4 Noches -> 450\u20ac + IVA\r\n\r\n7 Noches -> 600\u20ac + IVA\r\n\r\nAgosto 2010\r\n\r\n120\u20ac + IVA por Noche\r\n\r\nLos propietarios de <a href=\"http:\/\/fondacarrera.com\/fonda-carrera.htm\">Fonda Carrera<\/a> han habilitado una <strong>vivienda independiente destinada a turismo rural<\/strong> con capacidad para 6 y 7 personas y 8-9 (sof\u00e1-cama).\r\nLa casa, <strong>totalmente rehabilitada y amueblada<\/strong>, cuenta con calefacci\u00f3n central. La vivienda est\u00e1 distribuida en dos plantas m\u00e1s una planta abuhardillada.\r\n\r\n<img class=\"alignnone size-medium wp-image-347\" src=\"https:\/\/fondacarrera.com\/wp-content\/uploads\/2018\/07\/fonda-carrera-6-1-300x76.jpg\" alt=\"\" width=\"300\" height=\"76\" \/>\r\n<h2>Planta baja:<\/h2>\r\nConsta de cocina-comedor y sal\u00f3n en una sola pieza pero muy amplia, con televisi\u00f3n. La cocina, tipo office, est\u00e1 <strong>completamente equipada<\/strong> (nevera, horno, microondas, lavavajillas, vajilla, y todo el menaje necesario para que su estancia sea m\u00e1s c\u00f3moda).\r\nEsta planta dispone de <strong>aseo y lavadora<\/strong>.\r\n<h2>Primera planta:<\/h2>\r\nCuenta con <strong>sala de estar con televisi\u00f3n, v\u00eddeo y juegos<\/strong>, sof\u00e1-cama, una habitaci\u00f3n triple y un ba\u00f1o completo.\r\n<h2>Planta abuhardillada:<\/h2>\r\nCon el <strong>techo de madera<\/strong>, dispone de dos habitaciones dobles y ba\u00f1o completo.","_et_gb_content_width":"","_monsterinsights_skip_tracking":false,"_monsterinsights_sitenote_active":false,"_monsterinsights_sitenote_note":"","_monsterinsights_sitenote_category":0,"footnotes":""},"class_list":["post-19162","page","type-page","status-publish","hentry"],"yoast_head":"<!-- This site is optimized with the Yoast SEO plugin v25.6 - https:\/\/yoast.com\/wordpress\/plugins\/seo\/ -->\n<title>Casa Orosia - Fonda Carrera Fonda Carrera - Labuerda - Sobrarbe - Restaurante - Turismo Rural<\/title>\n<meta name=\"description\" content=\"Fonda Carrera - Labuerda - Sobrarbe - Restaurante - Turismo Rural Fonda Carrera - Alojamiento Sobrarbe - Turismo Rural Pirineos Ordesa Pirineo Labuerda Restaurante\" \/>\n<meta name=\"robots\" content=\"index, follow, max-snippet:-1, max-image-preview:large, max-video-preview:-1\" \/>\n<link rel=\"canonical\" href=\"https:\/\/fondacarrera.com\/en\/casa-orosia\/\" \/>\n<meta property=\"og:locale\" content=\"en_US\" \/>\n<meta property=\"og:type\" content=\"article\" \/>\n<meta property=\"og:title\" content=\"Casa Orosia - Fonda Carrera Fonda Carrera - Labuerda - Sobrarbe - Restaurante - Turismo Rural\" \/>\n<meta property=\"og:description\" content=\"Fonda Carrera - Labuerda - Sobrarbe - Restaurante - Turismo Rural Fonda Carrera - Alojamiento Sobrarbe - Turismo Rural Pirineos Ordesa Pirineo Labuerda Restaurante\" \/>\n<meta property=\"og:url\" content=\"https:\/\/fondacarrera.com\/en\/casa-orosia\/\" \/>\n<meta property=\"og:site_name\" content=\"Fonda Carrera\" \/>\n<meta name=\"twitter:card\" content=\"summary_large_image\" \/>\n<meta name=\"twitter:label1\" content=\"Est. reading time\" \/>\n\t<meta name=\"twitter:data1\" content=\"6 minutes\" \/>\n<script type=\"application\/ld+json\" class=\"yoast-schema-graph\">{\"@context\":\"https:\/\/schema.org\",\"@graph\":[{\"@type\":\"WebPage\",\"@id\":\"https:\/\/fondacarrera.com\/en\/casa-orosia\/\",\"url\":\"https:\/\/fondacarrera.com\/en\/casa-orosia\/\",\"name\":\"Casa Orosia - Fonda Carrera Fonda Carrera - Labuerda - Sobrarbe - Restaurante - Turismo Rural\",\"isPartOf\":{\"@id\":\"https:\/\/fondacarrera.com\/#website\"},\"datePublished\":\"2019-02-19T19:29:00+00:00\",\"description\":\"Fonda Carrera - Labuerda - Sobrarbe - Restaurante - Turismo Rural Fonda Carrera - Alojamiento Sobrarbe - Turismo Rural Pirineos Ordesa Pirineo Labuerda Restaurante\",\"breadcrumb\":{\"@id\":\"https:\/\/fondacarrera.com\/en\/casa-orosia\/#breadcrumb\"},\"inLanguage\":\"en-US\",\"potentialAction\":[{\"@type\":\"ReadAction\",\"target\":[\"https:\/\/fondacarrera.com\/en\/casa-orosia\/\"]}]},{\"@type\":\"BreadcrumbList\",\"@id\":\"https:\/\/fondacarrera.com\/en\/casa-orosia\/#breadcrumb\",\"itemListElement\":[{\"@type\":\"ListItem\",\"position\":1,\"name\":\"Portada\",\"item\":\"https:\/\/fondacarrera.com\/en\/\"},{\"@type\":\"ListItem\",\"position\":2,\"name\":\"Casa Orosia\"}]},{\"@type\":\"WebSite\",\"@id\":\"https:\/\/fondacarrera.com\/#website\",\"url\":\"https:\/\/fondacarrera.com\/\",\"name\":\"Fonda Carrera\",\"description\":\"Labuerda - Sobrarbe\",\"potentialAction\":[{\"@type\":\"SearchAction\",\"target\":{\"@type\":\"EntryPoint\",\"urlTemplate\":\"https:\/\/fondacarrera.com\/?s={search_term_string}\"},\"query-input\":{\"@type\":\"PropertyValueSpecification\",\"valueRequired\":true,\"valueName\":\"search_term_string\"}}],\"inLanguage\":\"en-US\"}]}<\/script>\n<!-- \/ Yoast SEO plugin. -->","yoast_head_json":{"title":"Casa Orosia - Fonda Carrera Fonda Carrera - Labuerda - Sobrarbe - Restaurante - Turismo Rural","description":"Fonda Carrera - Labuerda - Sobrarbe - Restaurante - Turismo Rural Fonda Carrera - Alojamiento Sobrarbe - Turismo Rural Pirineos Ordesa Pirineo Labuerda Restaurante","robots":{"index":"index","follow":"follow","max-snippet":"max-snippet:-1","max-image-preview":"max-image-preview:large","max-video-preview":"max-video-preview:-1"},"canonical":"https:\/\/fondacarrera.com\/en\/casa-orosia\/","og_locale":"en_US","og_type":"article","og_title":"Casa Orosia - Fonda Carrera Fonda Carrera - Labuerda - Sobrarbe - Restaurante - Turismo Rural","og_description":"Fonda Carrera - Labuerda - Sobrarbe - Restaurante - Turismo Rural Fonda Carrera - Alojamiento Sobrarbe - Turismo Rural Pirineos Ordesa Pirineo Labuerda Restaurante","og_url":"https:\/\/fondacarrera.com\/en\/casa-orosia\/","og_site_name":"Fonda Carrera","twitter_card":"summary_large_image","twitter_misc":{"Est. reading time":"6 minutes"},"schema":{"@context":"https:\/\/schema.org","@graph":[{"@type":"WebPage","@id":"https:\/\/fondacarrera.com\/en\/casa-orosia\/","url":"https:\/\/fondacarrera.com\/en\/casa-orosia\/","name":"Casa Orosia - Fonda Carrera Fonda Carrera - Labuerda - Sobrarbe - Restaurante - Turismo Rural","isPartOf":{"@id":"https:\/\/fondacarrera.com\/#website"},"datePublished":"2019-02-19T19:29:00+00:00","description":"Fonda Carrera - Labuerda - Sobrarbe - Restaurante - Turismo Rural Fonda Carrera - Alojamiento Sobrarbe - Turismo Rural Pirineos Ordesa Pirineo Labuerda Restaurante","breadcrumb":{"@id":"https:\/\/fondacarrera.com\/en\/casa-orosia\/#breadcrumb"},"inLanguage":"en-US","potentialAction":[{"@type":"ReadAction","target":["https:\/\/fondacarrera.com\/en\/casa-orosia\/"]}]},{"@type":"BreadcrumbList","@id":"https:\/\/fondacarrera.com\/en\/casa-orosia\/#breadcrumb","itemListElement":[{"@type":"ListItem","position":1,"name":"Portada","item":"https:\/\/fondacarrera.com\/en\/"},{"@type":"ListItem","position":2,"name":"Casa Orosia"}]},{"@type":"WebSite","@id":"https:\/\/fondacarrera.com\/#website","url":"https:\/\/fondacarrera.com\/","name":"Fonda Carrera","description":"Labuerda - Sobrarbe","potentialAction":[{"@type":"SearchAction","target":{"@type":"EntryPoint","urlTemplate":"https:\/\/fondacarrera.com\/?s={search_term_string}"},"query-input":{"@type":"PropertyValueSpecification","valueRequired":true,"valueName":"search_term_string"}}],"inLanguage":"en-US"}]}},"featured_image_src":null,"featured_image_src_square":null,"_links":{"self":[{"href":"https:\/\/fondacarrera.com\/en\/wp-json\/wp\/v2\/pages\/19162"}],"collection":[{"href":"https:\/\/fondacarrera.com\/en\/wp-json\/wp\/v2\/pages"}],"about":[{"href":"https:\/\/fondacarrera.com\/en\/wp-json\/wp\/v2\/types\/page"}],"author":[{"embeddable":true,"href":"https:\/\/fondacarrera.com\/en\/wp-json\/wp\/v2\/users\/1"}],"replies":[{"embeddable":true,"href":"https:\/\/fondacarrera.com\/en\/wp-json\/wp\/v2\/comments?post=19162"}],"version-history":[{"count":2,"href":"https:\/\/fondacarrera.com\/en\/wp-json\/wp\/v2\/pages\/19162\/revisions"}],"predecessor-version":[{"id":19164,"href":"https:\/\/fondacarrera.com\/en\/wp-json\/wp\/v2\/pages\/19162\/revisions\/19164"}],"wp:attachment":[{"href":"https:\/\/fondacarrera.com\/en\/wp-json\/wp\/v2\/media?parent=19162"}],"curies":[{"name":"wp","href":"https:\/\/api.w.org\/{rel}","templated":true}]}}