{"id":19159,"date":"2019-02-19T19:26:55","date_gmt":"2019-02-19T19:26:55","guid":{"rendered":"https:\/\/fondacarrera.com\/?page_id=19159"},"modified":"2019-02-19T19:26:55","modified_gmt":"2019-02-19T19:26:55","slug":"fonda-carrera","status":"publish","type":"page","link":"https:\/\/fondacarrera.com\/en\/fonda-carrera\/","title":{"rendered":"Fonda Carrera"},"content":{"rendered":"<p>[et_pb_section bb_built=&#8221;1&#8243; fullwidth=&#8221;on&#8221; _builder_version=&#8221;3.0.47&#8243; next_background_color=&#8221;#000000&#8243;][et_pb_fullwidth_slider _builder_version=&#8221;3.19.15&#8243;][et_pb_slide heading=&#8221;Fonda Carrera&#8221; use_bg_overlay=&#8221;off&#8221; use_text_overlay=&#8221;off&#8221; _builder_version=&#8221;3.19.15&#8243; background_image=&#8221;https:\/\/fondacarrera.com\/wp-content\/uploads\/2019\/02\/ZG4E6519-1.jpg&#8221; button_on_hover=&#8221;on&#8221; button_link=&#8221;#&#8221; button_link_2=&#8221;#&#8221; url_new_window=&#8221;off&#8221; link_option_url_new_window=&#8221;off&#8221; background_color=&#8221;#000000&#8243; use_background_color_gradient=&#8221;off&#8221; background_color_gradient_start=&#8221;#2b87da&#8221; background_color_gradient_end=&#8221;#29c4a9&#8243; background_color_gradient_type=&#8221;linear&#8221; background_color_gradient_direction=&#8221;180deg&#8221; background_color_gradient_direction_radial=&#8221;center&#8221; background_color_gradient_start_position=&#8221;0%&#8221; background_color_gradient_end_position=&#8221;100%&#8221; background_color_gradient_overlays_image=&#8221;off&#8221; parallax=&#8221;off&#8221; parallax_method=&#8221;on&#8221; background_size=&#8221;cover&#8221; background_position=&#8221;center&#8221; background_repeat=&#8221;no-repeat&#8221; background_blend=&#8221;normal&#8221; allow_player_pause=&#8221;off&#8221; background_video_pause_outside_viewport=&#8221;on&#8221; text_border_radius=&#8221;3&#8243; alignment=&#8221;center&#8221; child_filter_hue_rotate=&#8221;0deg&#8221; child_filter_saturate=&#8221;100%&#8221; child_filter_brightness=&#8221;100%&#8221; child_filter_contrast=&#8221;100%&#8221; child_filter_invert=&#8221;0%&#8221; child_filter_sepia=&#8221;0%&#8221; child_filter_opacity=&#8221;100%&#8221; child_filter_blur=&#8221;0px&#8221; child_mix_blend_mode=&#8221;normal&#8221; background_layout=&#8221;dark&#8221; text_shadow_style=&#8221;none&#8221; header_text_shadow_style=&#8221;none&#8221; body_text_shadow_style=&#8221;none&#8221; custom_button=&#8221;off&#8221; button_bg_use_color_gradient=&#8221;off&#8221; button_bg_color_gradient_overlays_image=&#8221;off&#8221; button_use_icon=&#8221;on&#8221; button_text_shadow_style=&#8221;none&#8221; box_shadow_style_button=&#8221;none&#8221; hover_transition_duration=&#8221;300ms&#8221; hover_transition_delay=&#8221;0ms&#8221; hover_transition_speed_curve=&#8221;ease&#8221; \/][\/et_pb_fullwidth_slider][\/et_pb_section][et_pb_section bb_built=&#8221;1&#8243; _builder_version=&#8221;3.0.47&#8243; custom_padding=&#8221;76px|0px|45.4531px|0px|false|false&#8221; prev_background_color=&#8221;#000000&#8243;][et_pb_row _builder_version=&#8221;3.0.48&#8243; background_size=&#8221;initial&#8221; background_position=&#8221;top_left&#8221; background_repeat=&#8221;repeat&#8221;][et_pb_column type=&#8221;4_4&#8243;][et_pb_text _builder_version=&#8221;3.18.7&#8243;]<\/p>\n<h2 style=\"text-align: center;\">Historia de la casa<\/h2>\n<p><strong>Fonda Carrera<\/strong> es un peque\u00f1o negocio familiar de gran tradici\u00f3n y raigambre en la <strong>comarca de Sobrarbe<\/strong>. Esta formado por la Fonda que se ubica en un magn\u00edfico edificio de gran antig\u00fcedad en piedra, que recientemente ha sido objeto de una <strong>completa rehabilitaci\u00f3n;<\/strong> y por &#8220;Casa Orosia&#8221;, antigua casa, habilitada como <strong>vivienda de Turismo Rural<\/strong> con todas las comodidades y servicios para hacer m\u00e1s placentera la estancia de sus clientes. Tanto la fonda como las habitaciones se encuentran en diversos habit\u00e1culos que tuvieron en tiempos distintos usos, por ello la casa invita al huesped a respirar aires de tiempos antiguos&#8230;<\/p>\n<p>&nbsp;<\/p>\n<h2 style=\"text-align: center;\">La Fonda<\/h2>\n<p>Convertida la antigua fonda en <strong>confortable alojamiento<\/strong>, Fonda Carrera ofrece todos los servicios de un <strong>negocio familiar<\/strong>: cafeter\u00eda con terraza de verano, restaurante de <strong>cocina tradicional de Pirineo<\/strong> y habitaciones con ba\u00f1o y <strong>televisi\u00f3n<\/strong>, totalmente reformadas. Desde la calle se accede a la planta baja cruzando una gran puerta en arco de medio punto que se abre al patio interior y a varias salas abovedadas en piedra. En la primera planta se encuentra el <strong>restaurante y la cafeter\u00eda;<\/strong> y las dos plantas superiores, que se alcanzan subiendo por una escalera de piedra, dan acceso a las habitaciones, todas ellas con ba\u00f1o y con capacidad para dos, tres y cuatro personas. El cuidado y esmero tanto en la decoraci\u00f3n como en la iluminaci\u00f3n dan a todas las estancias un <strong>ambiente acogedor y entra\u00f1able<\/strong>.<\/p>\n<h3 style=\"text-align: center;\"><\/h3>\n<h3 style=\"text-align: center;\">Planta baja<\/h3>\n<p>Antiguamente era \u201cla bodega\u201d que se habilita en verano como comedor, unida al patio mediante unos bell\u00edsimos arcos de piedra. <strong>Terraza de verano<\/strong> de gran capacidad en la que se sirven aperitivos y bebidas entre la casa y la iglesia.<\/p>\n<p>&nbsp;<\/p>\n<h3 style=\"text-align: center;\">Primera planta<\/h3>\n<p>Consta de <strong>dos comedores comunicados<\/strong>, uno de ellos con <strong>chimenea<\/strong> y capacidad para 30 &#8211; 40 comensales, y el otro con capacidad para 20-24 comensales. En esta planta se encuentra tambi\u00e9n la cafeter\u00eda.<\/p>\n<h3><\/h3>\n<h3 style=\"text-align: center;\">Segunda planta<\/h3>\n<p>Consta de seis habitaciones, dos de ellas dobles, tres con cama de matrimonio; de estas \u00faltimas, dos disponen de ba\u00f1era, y la otra de ducha. En esta planta se halla una peque\u00f1a <strong>terraza<\/strong>.<\/p>\n<h3 style=\"text-align: center;\">Tercera planta<\/h3>\n<p>Consta de seis habitaciones, tres de ellas con cama de matrimonio y dos camas individuales; otra con cama de matrimonio, otra m\u00e1s con cama de matrimonio y una cama individual; y por \u00faltimo, una habitaci\u00f3n doble. Esta planta dispone de <strong>sala de estar con TV y juegos<\/strong>.<\/p>\n<p>Merece la pena destacar la <strong>habitaci\u00f3n de la c\u00fapula<\/strong>, la \u201cfosqueta\u201d; se trata de una habitaci\u00f3n con dos departamentos: el dormitorio que se encuentra en un recinto circular con una c\u00fapula todo en piedra vista, <strong>una de las estancias m\u00e1s antiguas de la casa<\/strong> que tuvo distintas utilidades; y, antes de pasar al dormitorio principal, la habitaci\u00f3n cuenta con una peque\u00f1a estancia donde encontramos el ba\u00f1o, el armario y otra cama peque\u00f1a + supletoria (cama de matrimonio en la fosqueta).<\/p>\n<p>&nbsp;<\/p>\n<p>[\/et_pb_text][\/et_pb_column][\/et_pb_row][\/et_pb_section]<\/p>\n","protected":false},"excerpt":{"rendered":"<p>Fonda Carrera Historia de la casa Fonda Carrera es un peque\u00f1o negocio familiar de gran tradici\u00f3n y raigambre en la comarca de Sobrarbe. Esta formado por la Fonda que se ubica en un magn\u00edfico edificio de gran antig\u00fcedad en piedra, que recientemente ha sido objeto de una completa rehabilitaci\u00f3n; y por &#8220;Casa Orosia&#8221;, antigua casa, [&hellip;]<\/p>\n","protected":false},"author":1,"featured_media":0,"parent":0,"menu_order":0,"comment_status":"closed","ping_status":"closed","template":"","meta":{"_et_pb_use_builder":"on","_et_pb_old_content":"<h2>Historia de la casa<\/h2><p><strong>Fonda Carrera<\/strong> es un peque\u00f1o negocio familiar de gran tradici\u00f3n y raigambre en la <strong>comarca de Sobrarbe<\/strong>. Esta formado por la Fonda que se ubica en un magn\u00edfico edificio de gran antig\u00fcedad en piedra, que recientemente ha sido objeto de una <strong>completa rehabilitaci\u00f3n;<\/strong> y por \"Casa Orosia\", antigua casa, habilitada como <strong>vivienda de Turismo Rural<\/strong> con todas las comodidades y servicios para hacer m\u00e1s placentera la estancia de sus clientes. Tanto la fonda como las habitaciones se encuentran en diversos habit\u00e1culos que tuvieron en tiempos distintos usos, por ello la casa invita al huesped a respirar aires de tiempos antiguos...<\/p><p><img class=\"alignnone size-medium wp-image-352\" src=\"https:\/\/fondacarrera.com\/wp-content\/uploads\/2018\/07\/fonda-carrera-3-1-300x76.jpg\" alt=\"\" width=\"300\" height=\"76\" \/><\/p><h2>La Fonda<\/h2><p>Convertida la antigua fonda en <strong>confortable alojamiento<\/strong>, Fonda Carrera ofrece todos los servicios de un <strong>negocio familiar<\/strong>: cafeter\u00eda con terraza de verano, restaurante de <strong>cocina tradicional de Pirineo<\/strong> y habitaciones con ba\u00f1o y <strong>televisi\u00f3n<\/strong>, totalmente reformadas. Desde la calle se accede a la planta baja cruzando una gran puerta en arco de medio punto que se abre al patio interior y a varias salas abovedadas en piedra. En la primera planta se encuentra el <strong>restaurante y la cafeter\u00eda;<\/strong> y las dos plantas superiores, que se alcanzan subiendo por una escalera de piedra, dan acceso a las habitaciones, todas ellas con ba\u00f1o y con capacidad para dos, tres y cuatro personas. El cuidado y esmero tanto en la decoraci\u00f3n como en la iluminaci\u00f3n dan a todas las estancias un <strong>ambiente acogedor y entra\u00f1able<\/strong>.<\/p><h3>Planta baja:<\/h3><p>Antiguamente era \u201cla bodega\u201d que se habilita en verano como comedor, unida al patio mediante unos bell\u00edsimos arcos de piedra. <strong>Terraza de verano<\/strong> de gran capacidad en la que se sirven aperitivos y bebidas entre la casa y la iglesia.<\/p><p><img class=\"alignnone size-medium wp-image-353\" src=\"https:\/\/fondacarrera.com\/wp-content\/uploads\/2018\/07\/fonda-carrera-7-1-300x76.jpg\" alt=\"\" width=\"300\" height=\"76\" \/><\/p><h3>Primera planta:<\/h3><p>Consta de <strong>dos comedores comunicados<\/strong>, uno de ellos con <strong>chimenea<\/strong> y capacidad para 30 - 40 comensales, y el otro con capacidad para 20-24 comensales. En esta planta se encuentra tambi\u00e9n la cafeter\u00eda.<\/p><h3>Segunda planta:<\/h3><p>Consta de seis habitaciones, dos de ellas dobles, tres con cama de matrimonio; de estas \u00faltimas, dos disponen de ba\u00f1era, y la otra de ducha. En esta planta se halla una peque\u00f1a <strong>terraza<\/strong>.<\/p><h3>Tercera planta:<\/h3><p>Consta de seis habitaciones, tres de ellas con cama de matrimonio y dos camas individuales; otra con cama de matrimonio, otra m\u00e1s con cama de matrimonio y una cama individual; y por \u00faltimo, una habitaci\u00f3n doble. Esta planta dispone de <strong>sala de estar con TV y juegos<\/strong>.<\/p><p>Merece la pena destacar la <strong>habitaci\u00f3n de la c\u00fapula<\/strong>, la \u201cfosqueta\u201d; se trata de una habitaci\u00f3n con dos departamentos: el dormitorio que se encuentra en un recinto circular con una c\u00fapula todo en piedra vista, <strong>una de las estancias m\u00e1s antiguas de la casa<\/strong> que tuvo distintas utilidades; y, antes de pasar al dormitorio principal, la habitaci\u00f3n cuenta con una peque\u00f1a estancia donde encontramos el ba\u00f1o, el armario y otra cama peque\u00f1a + supletoria (cama de matrimonio en la fosqueta).<\/p><p><img class=\"alignnone size-medium wp-image-354\" src=\"https:\/\/fondacarrera.com\/wp-content\/uploads\/2018\/07\/fonda-carrera-4-1-300x76.jpg\" alt=\"\" width=\"300\" height=\"76\" \/><\/p>","_et_gb_content_width":"","_monsterinsights_skip_tracking":false,"_monsterinsights_sitenote_active":false,"_monsterinsights_sitenote_note":"","_monsterinsights_sitenote_category":0,"footnotes":""},"class_list":["post-19159","page","type-page","status-publish","hentry"],"yoast_head":"<!-- This site is optimized with the Yoast SEO plugin v25.6 - https:\/\/yoast.com\/wordpress\/plugins\/seo\/ -->\n<title>Fonda Carrera - Fonda Carrera Fonda Carrera - Labuerda - Sobrarbe - Restaurante - Turismo Rural<\/title>\n<meta name=\"description\" content=\"Fonda Carrera - Labuerda - Sobrarbe - Restaurante - Turismo Rural Fonda Carrera - Alojamiento Sobrarbe - Turismo Rural Pirineos Ordesa Pirineo Labuerda Restaurante\" \/>\n<meta name=\"robots\" content=\"index, follow, max-snippet:-1, max-image-preview:large, max-video-preview:-1\" \/>\n<link rel=\"canonical\" href=\"https:\/\/fondacarrera.com\/en\/fonda-carrera\/\" \/>\n<meta property=\"og:locale\" content=\"en_US\" \/>\n<meta property=\"og:type\" content=\"article\" \/>\n<meta property=\"og:title\" content=\"Fonda Carrera - Fonda Carrera Fonda Carrera - Labuerda - Sobrarbe - Restaurante - Turismo Rural\" \/>\n<meta property=\"og:description\" content=\"Fonda Carrera - Labuerda - Sobrarbe - Restaurante - Turismo Rural Fonda Carrera - Alojamiento Sobrarbe - Turismo Rural Pirineos Ordesa Pirineo Labuerda Restaurante\" \/>\n<meta property=\"og:url\" content=\"https:\/\/fondacarrera.com\/en\/fonda-carrera\/\" \/>\n<meta property=\"og:site_name\" content=\"Fonda Carrera\" \/>\n<meta name=\"twitter:card\" content=\"summary_large_image\" \/>\n<meta name=\"twitter:label1\" content=\"Est. reading time\" \/>\n\t<meta name=\"twitter:data1\" content=\"4 minutes\" \/>\n<script type=\"application\/ld+json\" class=\"yoast-schema-graph\">{\"@context\":\"https:\/\/schema.org\",\"@graph\":[{\"@type\":\"WebPage\",\"@id\":\"https:\/\/fondacarrera.com\/en\/fonda-carrera\/\",\"url\":\"https:\/\/fondacarrera.com\/en\/fonda-carrera\/\",\"name\":\"Fonda Carrera - Fonda Carrera Fonda Carrera - Labuerda - Sobrarbe - Restaurante - Turismo Rural\",\"isPartOf\":{\"@id\":\"https:\/\/fondacarrera.com\/#website\"},\"datePublished\":\"2019-02-19T19:26:55+00:00\",\"description\":\"Fonda Carrera - Labuerda - Sobrarbe - Restaurante - Turismo Rural Fonda Carrera - Alojamiento Sobrarbe - Turismo Rural Pirineos Ordesa Pirineo Labuerda Restaurante\",\"breadcrumb\":{\"@id\":\"https:\/\/fondacarrera.com\/en\/fonda-carrera\/#breadcrumb\"},\"inLanguage\":\"en-US\",\"potentialAction\":[{\"@type\":\"ReadAction\",\"target\":[\"https:\/\/fondacarrera.com\/en\/fonda-carrera\/\"]}]},{\"@type\":\"BreadcrumbList\",\"@id\":\"https:\/\/fondacarrera.com\/en\/fonda-carrera\/#breadcrumb\",\"itemListElement\":[{\"@type\":\"ListItem\",\"position\":1,\"name\":\"Portada\",\"item\":\"https:\/\/fondacarrera.com\/en\/\"},{\"@type\":\"ListItem\",\"position\":2,\"name\":\"Fonda Carrera\"}]},{\"@type\":\"WebSite\",\"@id\":\"https:\/\/fondacarrera.com\/#website\",\"url\":\"https:\/\/fondacarrera.com\/\",\"name\":\"Fonda Carrera\",\"description\":\"Labuerda - Sobrarbe\",\"potentialAction\":[{\"@type\":\"SearchAction\",\"target\":{\"@type\":\"EntryPoint\",\"urlTemplate\":\"https:\/\/fondacarrera.com\/?s={search_term_string}\"},\"query-input\":{\"@type\":\"PropertyValueSpecification\",\"valueRequired\":true,\"valueName\":\"search_term_string\"}}],\"inLanguage\":\"en-US\"}]}<\/script>\n<!-- \/ Yoast SEO plugin. -->","yoast_head_json":{"title":"Fonda Carrera - Fonda Carrera Fonda Carrera - Labuerda - Sobrarbe - Restaurante - Turismo Rural","description":"Fonda Carrera - Labuerda - Sobrarbe - Restaurante - Turismo Rural Fonda Carrera - Alojamiento Sobrarbe - Turismo Rural Pirineos Ordesa Pirineo Labuerda Restaurante","robots":{"index":"index","follow":"follow","max-snippet":"max-snippet:-1","max-image-preview":"max-image-preview:large","max-video-preview":"max-video-preview:-1"},"canonical":"https:\/\/fondacarrera.com\/en\/fonda-carrera\/","og_locale":"en_US","og_type":"article","og_title":"Fonda Carrera - Fonda Carrera Fonda Carrera - Labuerda - Sobrarbe - Restaurante - Turismo Rural","og_description":"Fonda Carrera - Labuerda - Sobrarbe - Restaurante - Turismo Rural Fonda Carrera - Alojamiento Sobrarbe - Turismo Rural Pirineos Ordesa Pirineo Labuerda Restaurante","og_url":"https:\/\/fondacarrera.com\/en\/fonda-carrera\/","og_site_name":"Fonda Carrera","twitter_card":"summary_large_image","twitter_misc":{"Est. reading time":"4 minutes"},"schema":{"@context":"https:\/\/schema.org","@graph":[{"@type":"WebPage","@id":"https:\/\/fondacarrera.com\/en\/fonda-carrera\/","url":"https:\/\/fondacarrera.com\/en\/fonda-carrera\/","name":"Fonda Carrera - Fonda Carrera Fonda Carrera - Labuerda - Sobrarbe - Restaurante - Turismo Rural","isPartOf":{"@id":"https:\/\/fondacarrera.com\/#website"},"datePublished":"2019-02-19T19:26:55+00:00","description":"Fonda Carrera - Labuerda - Sobrarbe - Restaurante - Turismo Rural Fonda Carrera - Alojamiento Sobrarbe - Turismo Rural Pirineos Ordesa Pirineo Labuerda Restaurante","breadcrumb":{"@id":"https:\/\/fondacarrera.com\/en\/fonda-carrera\/#breadcrumb"},"inLanguage":"en-US","potentialAction":[{"@type":"ReadAction","target":["https:\/\/fondacarrera.com\/en\/fonda-carrera\/"]}]},{"@type":"BreadcrumbList","@id":"https:\/\/fondacarrera.com\/en\/fonda-carrera\/#breadcrumb","itemListElement":[{"@type":"ListItem","position":1,"name":"Portada","item":"https:\/\/fondacarrera.com\/en\/"},{"@type":"ListItem","position":2,"name":"Fonda Carrera"}]},{"@type":"WebSite","@id":"https:\/\/fondacarrera.com\/#website","url":"https:\/\/fondacarrera.com\/","name":"Fonda Carrera","description":"Labuerda - Sobrarbe","potentialAction":[{"@type":"SearchAction","target":{"@type":"EntryPoint","urlTemplate":"https:\/\/fondacarrera.com\/?s={search_term_string}"},"query-input":{"@type":"PropertyValueSpecification","valueRequired":true,"valueName":"search_term_string"}}],"inLanguage":"en-US"}]}},"featured_image_src":null,"featured_image_src_square":null,"_links":{"self":[{"href":"https:\/\/fondacarrera.com\/en\/wp-json\/wp\/v2\/pages\/19159"}],"collection":[{"href":"https:\/\/fondacarrera.com\/en\/wp-json\/wp\/v2\/pages"}],"about":[{"href":"https:\/\/fondacarrera.com\/en\/wp-json\/wp\/v2\/types\/page"}],"author":[{"embeddable":true,"href":"https:\/\/fondacarrera.com\/en\/wp-json\/wp\/v2\/users\/1"}],"replies":[{"embeddable":true,"href":"https:\/\/fondacarrera.com\/en\/wp-json\/wp\/v2\/comments?post=19159"}],"version-history":[{"count":2,"href":"https:\/\/fondacarrera.com\/en\/wp-json\/wp\/v2\/pages\/19159\/revisions"}],"predecessor-version":[{"id":19161,"href":"https:\/\/fondacarrera.com\/en\/wp-json\/wp\/v2\/pages\/19159\/revisions\/19161"}],"wp:attachment":[{"href":"https:\/\/fondacarrera.com\/en\/wp-json\/wp\/v2\/media?parent=19159"}],"curies":[{"name":"wp","href":"https:\/\/api.w.org\/{rel}","templated":true}]}}